{"id":11,"date":"2019-08-22T08:20:37","date_gmt":"2019-08-22T06:20:37","guid":{"rendered":"https:\/\/www.heimat-und-transformation.de\/cms\/?page_id=11"},"modified":"2025-07-31T08:55:21","modified_gmt":"2025-07-31T06:55:21","slug":"ueber-uns","status":"publish","type":"page","link":"https:\/\/www.heimat-und-transformation.de\/en\/ueber-uns\/","title":{"rendered":"\u00dcber uns"},"content":{"rendered":"\n<h3 class=\"wp-block-heading\"><strong>Prof. em. Dr. phil. habil. R\u00fcdiger Steinmetz <\/strong><\/h3>\n\n\n<div class=\"wp-block-image\">\n<figure class=\"alignright is-resized\"><img loading=\"lazy\" decoding=\"async\" width=\"238\" height=\"300\" src=\"https:\/\/www.heimat-und-transformation.de\/cms\/wp-content\/uploads\/steinmetz-238x300.jpeg\" alt=\"\" class=\"wp-image-100\" style=\"width:250px\" srcset=\"https:\/\/www.heimat-und-transformation.de\/cms\/wp-content\/uploads\/steinmetz-238x300.jpeg 238w, https:\/\/www.heimat-und-transformation.de\/cms\/wp-content\/uploads\/steinmetz.jpeg 480w\" sizes=\"auto, (max-width: 238px) 100vw, 238px\" \/><\/figure>\n<\/div>\n\n\n<p><br>Geboren in G\u00f6ttingen. Emeritus. 1992 bis 2018 Lehrstuhlinhaber Medienwissenschaft und Medienkultur an der Universit\u00e4t Leipzig. Mitglied des Medienrats der S\u00e4chsischen Landesmedienanstalt 2010 bis 2023. Mitglied des Advisory Boards des Hauses des Dokumentarfilms, Stuttgart, bis 2022. Er studierte Kommunikationswissenschaft, Germanistik und Politikwissenschaft an der Universit\u00e4t G\u00f6ttingen, war Wiss. Mitarbeiter an der Hochschule f\u00fcr Fernsehen und Film, M\u00fcnchen, Volont\u00e4r der \u201eBraunschweiger Zeitung\u201c und Redakteur des \u201eOsteroder Kreis Anzeiger\u201c, Osterode am Harz. Promotion Universit\u00e4t M\u00fcnchen. Habilitation Universit\u00e4t Marburg. Forschungen und Publikationen u.a. zur Programmgeschichte des DDR-Fernsehens (Sprecher der DFG-Forschergruppe); zum DEFA-Film; zum Leipziger Dokfilm-Festival; zur Wahrnehmung politischer Fernsehmagazine in Ost und West (Mitte der 1990er Jahre); zur Filmtheorie, Film\u00e4sthetik und Filmgeschichte; zu journalistischen Darstellungsformen, zum H\u00f6rfunk und zu den Sozialen Medien.<\/p>\n\n\n\n<p><a href=\"https:\/\/www.sozphil.uni-leipzig.de\/institut-fuer-kommunikations-und-medienwissenschaft\/personenprofil\/mitarbeiter\/prof-dr-ruediger-steinmetz\/\" target=\"_blank\" rel=\"noreferrer noopener\">Profil von Prof. em. Dr. R\u00fcdiger Steinmetz beim Institut f\u00fcr Kommunikations- und Medienwissenschaft der Universit\u00e4t Leipzig<\/a><\/p>\n\n\n\n<h3 class=\"wp-block-heading\"><strong>Dr. phil. Judith Kretzschmar<\/strong><\/h3>\n\n\n<div class=\"wp-block-image\">\n<figure class=\"alignleft size-large\"><img loading=\"lazy\" decoding=\"async\" width=\"1024\" height=\"739\" src=\"https:\/\/www.heimat-und-transformation.de\/cms\/wp-content\/uploads\/judith-1024x739.jpg\" alt=\"\" class=\"wp-image-808\" srcset=\"https:\/\/www.heimat-und-transformation.de\/cms\/wp-content\/uploads\/judith-1024x739.jpg 1024w, https:\/\/www.heimat-und-transformation.de\/cms\/wp-content\/uploads\/judith-300x217.jpg 300w, https:\/\/www.heimat-und-transformation.de\/cms\/wp-content\/uploads\/judith-768x554.jpg 768w, https:\/\/www.heimat-und-transformation.de\/cms\/wp-content\/uploads\/judith-540x390.jpg 540w, https:\/\/www.heimat-und-transformation.de\/cms\/wp-content\/uploads\/judith-1080x780.jpg 1080w, https:\/\/www.heimat-und-transformation.de\/cms\/wp-content\/uploads\/judith.jpg 1205w\" sizes=\"auto, (max-width: 1024px) 100vw, 1024px\" \/><\/figure>\n<\/div>\n\n\n<p>Geboren in Erfurt. Wissenschaftliche Mitarbeiterin mit Schwerpunkt Journalismuskompetenz und Vertrauensforschung am <a href=\"http:\/\/www.uni-leipzig.de\/jodem\" target=\"_blank\" rel=\"noreferrer noopener\">Zentrum Journalismus und Demokratie der Universit\u00e4t Leipzig (JoDem)<\/a> und Projektleiterin des Praxis- und Forschungsprojektes <a href=\"http:\/\/www.uni-leipzig.de\/buergerjournalismus\" target=\"_blank\" rel=\"noreferrer noopener\">\u201eB\u00fcrger machen Journalismus \u2013 St\u00e4rkung des Medienvertrauens f\u00fcr eine Demokratie im Wandel\u201c<\/a>, das von der VolkswagenStiftung gef\u00f6rdert wird.<\/p>\n\n\n\n<p>Ausbildung zur Bibliotheksassistentin, Abitur auf dem zweiten Bildungsweg. Magister in Kommunikations- und Medienwissenschaft und Theaterwissenschaft an der Universit\u00e4t Leipzig. Anschlie\u00dfend wissenschaftliche Mitarbeiterin im DFG-Projekt \u201eProgrammgeschichte des DDR-Fernsehens\u201c und am IfKMW der Universit\u00e4t Leipzig. Promotion mit einer Arbeit \u00fcber die Repr\u00e4sentation von \u201eHeimat\u201c im DDR-Fernsehen. Au\u00dferdem Mitglied der Forschungsstelle Transformationsgeschichte an der Universit\u00e4t Leipzig, des Studienkreises Rundfunk und Geschichte und des Zentrums f\u00fcr Wissenschaft und Forschung | Medien.<\/p>\n\n\n\n<p><a href=\"https:\/\/www.sozphil.uni-leipzig.de\/institut-fuer-kommunikations-und-medienwissenschaft\/personenprofil\/mitarbeiter\/dr-judith-kretzschmar\/\" target=\"_blank\" rel=\"noreferrer noopener\">Profil von Dr. Judith Kretzschmar beim Institut f\u00fcr Kommunikations- und Medienwissenschaft der Universit\u00e4t Leipzig<\/a><\/p>\n\n\n\n<p><\/p>\n","protected":false},"excerpt":{"rendered":"<p>Prof. em. Dr. phil. habil. R\u00fcdiger Steinmetz Geboren in G\u00f6ttingen. Emeritus. 1992 bis 2018 Lehrstuhlinhaber Medienwissenschaft und Medienkultur an der Universit\u00e4t Leipzig. Mitglied des Medienrats der S\u00e4chsischen Landesmedienanstalt&hellip;<\/p>\n","protected":false},"author":1,"featured_media":0,"parent":0,"menu_order":0,"comment_status":"closed","ping_status":"closed","template":"template-full-width.php","meta":{"footnotes":""},"class_list":["post-11","page","type-page","status-publish","has-post-thumbnail","hentry"],"translation":{"provider":"WPGlobus","version":"3.0.2","language":"en","enabled_languages":["de","en"],"languages":{"de":{"title":true,"content":true,"excerpt":false},"en":{"title":false,"content":false,"excerpt":false}}},"_links":{"self":[{"href":"https:\/\/www.heimat-und-transformation.de\/en\/wp-json\/wp\/v2\/pages\/11","targetHints":{"allow":["GET"]}}],"collection":[{"href":"https:\/\/www.heimat-und-transformation.de\/en\/wp-json\/wp\/v2\/pages"}],"about":[{"href":"https:\/\/www.heimat-und-transformation.de\/en\/wp-json\/wp\/v2\/types\/page"}],"author":[{"embeddable":true,"href":"https:\/\/www.heimat-und-transformation.de\/en\/wp-json\/wp\/v2\/users\/1"}],"replies":[{"embeddable":true,"href":"https:\/\/www.heimat-und-transformation.de\/en\/wp-json\/wp\/v2\/comments?post=11"}],"version-history":[{"count":15,"href":"https:\/\/www.heimat-und-transformation.de\/en\/wp-json\/wp\/v2\/pages\/11\/revisions"}],"predecessor-version":[{"id":809,"href":"https:\/\/www.heimat-und-transformation.de\/en\/wp-json\/wp\/v2\/pages\/11\/revisions\/809"}],"wp:attachment":[{"href":"https:\/\/www.heimat-und-transformation.de\/en\/wp-json\/wp\/v2\/media?parent=11"}],"curies":[{"name":"wp","href":"https:\/\/api.w.org\/{rel}","templated":true}]}}