{"id":13,"date":"2019-08-22T08:20:50","date_gmt":"2019-08-22T06:20:50","guid":{"rendered":"https:\/\/www.heimat-und-transformation.de\/cms\/?page_id=13"},"modified":"2025-08-01T09:17:41","modified_gmt":"2025-08-01T07:17:41","slug":"veranstaltungen","status":"publish","type":"page","link":"https:\/\/www.heimat-und-transformation.de\/en\/veranstaltungen\/","title":{"rendered":"Veranstaltungen"},"content":{"rendered":"\n<h3 class=\"wp-block-heading\"><strong>Teilnahme und Beitr\u00e4ge<\/strong><\/h3>\n\n\n\n<ul class=\"wp-block-list\">\n<li><strong>12. Juli 2025<\/strong><br>\u201eWende\u201c \u2013 Wandel \u2013 Gewerkschaften im Spiegel des Lokalfernsehens 1990-1995. Vortrag und Diskussion: R\u00fcdiger Steinmetz, anl\u00e4sslich: 30. Jahre ver.di \u2013 Bildungszentrum Saalfeld. Jubil\u00e4umsveranstaltung.<\/li>\n\n\n\n<li><strong>7. November 2024\/23. Januar 2025<\/strong><br>UMBRUCH HAUTNAH. Leipzig in Filmen der 90er. Film &amp; Gespr\u00e4ch \u201eLeipzig lokal\u201c im Rahmen der Sonderausstellung <a href=\"https:\/\/www.stadtgeschichtliches-museum-leipzig.de\/ausstellungen\/die-90er-in-leipzig\/\" target=\"_blank\" rel=\"noreferrer noopener\">\u201eZwischen Aufbruch und Abwicklung. Die 90er in Leipzig\u201c<\/a>, Alte B\u00f6rse, Naschmarkt 1, 04109 Leipzig<\/li>\n\n\n\n<li><strong>25. September 2024<\/strong><br>Entwicklung l\u00e4ndlicher Regionen im Spiegel des Lokalfernsehens in Sachsen. <a href=\"https:\/\/www.boeckler.de\/de\/wendezeiten-einfluss-und-strategie-von-gewerkschaften-in-der-ostdeutschen-transformation-34855.htm\" target=\"_blank\" rel=\"noreferrer noopener\">Fachtagung \u201eWendezeiten \u2013 Wandel gestalten. Gewerkschaften in der ostdeutschen Transformation\u201c<\/a>, Zeitgeschichtliches Forum Leipzig<\/li>\n\n\n\n<li><strong>15. August 2024<\/strong><br>\u201eHeimatkunde\u201c, ein Dokumentarfilm von Christian B\u00e4ucker (2022), Filmvorf\u00fchrung und Diskussion in Anwesenheit des Regisseurs, Moderation: Dr. Judith Kretzschmar, Dr. J\u00f6rn-Michael Goll im <a href=\"https:\/\/schulmuseum.leipzig.de\/\" target=\"_blank\" rel=\"noreferrer noopener\">Schulmuseum Leipzig<\/a>. Eine Veranstaltung in Kooperation von Leipziger Institut f\u00fcr Heimat- und Transformationsforschung, Schulmuseum Leipzig und dem <a href=\"https:\/\/www.sozphil.uni-leipzig.de\/institut-fuer-kommunikations-und-medienwissenschaft\/institut\/einrichtungen\/zentrum-journalismus-und-demokratie\" target=\"_blank\" rel=\"noreferrer noopener\">Zentrum Journalismus und Demokratie der Universit\u00e4t Leipzig<\/a><\/li>\n\n\n\n<li><strong>8.\/9. Dezember 2022<\/strong><br>Podium: Transformation \u2013 Begriff und Forschungsans\u00e4tze und Moderation, <a href=\"https:\/\/forschungsstelle-transformationsgeschichte.de\/auftaktkonferenz-der-forschungsstelle-transformationsgeschichte\/\" target=\"_blank\" rel=\"noreferrer noopener\">Auftaktkonferenz \u201eTransformationsgeschichte(n)\u201c der Forschungsstelle Transformationsgeschichte an der Universit\u00e4t Leipzig<\/a>, Zeitgeschichtliches Forum Leipzig<\/li>\n\n\n\n<li><strong>12. Juli 2022<\/strong><br>Clandestine, illegal and semi-legal local TV Programmes in GDR and Saxony (1981-1992), Case Studies, <a href=\"http:\/\/iamhist.net\/wp-content\/uploads\/2022\/06\/Programm_ConflictResulutionAndTheMedia_220620_05_Screen.pdf\" target=\"_blank\" rel=\"noreferrer noopener\">IAMHIST Conference 2022: Conflict Resolution and the Media, University of Applied Sciences\/Fachhochschule Kiel<\/a><\/li>\n\n\n\n<li><strong>6<strong>. November 2021<\/strong><\/strong><br>Heimat zwischen Nation und Emotion. Kontinuit\u00e4ten und (Um-)Br\u00fcche in DDR und Ostdeutschland. <a href=\"https:\/\/www.vfg-paderborn.de\/index.php?id=255&amp;tx_ttnews%5Byear%5D=2021&amp;tx_ttnews%5Bmonth%5D=09&amp;tx_ttnews%5Bday%5D=30&amp;tx_ttnews%5Btt_news%5D=295&amp;cHash=64b743f4224670b0639440122c90ce89\" target=\"_blank\" rel=\"noreferrer noopener\">Tagung Heimat \u2013 Ort und Identit\u00e4t, 28. Jahrestagung zu Fragen der Geschichte<\/a>. Universit\u00e4t Paderborn, Fakult\u00e4t f\u00fcr Kulturwissenschaften, Historisches Institut, H\u00f6rsaal O 1 (Geb\u00e4ude O, Pohlweg)<\/li>\n\n\n\n<li><strong>29.\/30. Oktober 2021<\/strong><br>K.o.-Transformationen im Spiegel lokaler s\u00e4chsischer Fernsehprogramme 1990\u20131995. <a href=\"https:\/\/www.kulturwissenschaften.de\/veranstaltung\/workshop-ko-transformationen-im-praxis-test\/\" target=\"_blank\" rel=\"noreferrer noopener\">Workshop &#8220;Ko-Transformationen&#8221; im Praxis-Test<\/a>, Kulturwissenschaftliches Institut Essen (KWI), Gartensaal, Goethestr. 31, 45128 Essen<\/li>\n\n\n\n<li><s><strong>8.\/9. Mai 2020<\/strong><\/s><em> (aufgrund der Corona-Pandemie entfallen)<\/em><br><s>New Original Sources and Coagulated Memories in Research and Re-Mediation. Local Television Programmes of the Hinge Era after the Cold War (1990-1995). <a rel=\"noreferrer noopener\" href=\"https:\/\/historicalfilmandtelevision.wordpress.com\/schedule\/\" target=\"_blank\">Conference &#8220;New Facets of Historical Film and Television in Contemporary Europe&#8221;<\/a>, Lund University, Sweden<\/s><\/li>\n\n\n\n<li><s><strong>18.\/19. M\u00e4rz 2020<\/strong><\/s> <em>(aufgrund der Corona-Pandemie entfallen)<\/em> <br><s>\u201eClash of Cultures\u201c und Transformation des Kultursystems \u2013 Neue Identit\u00e4ten in Ostdeutschland nach dem Fall der Berliner Mauer (1989-95). Lokale s\u00e4chsische Fernsehprogramme als Quellen audio-visuellen Ged\u00e4chtnisses und ihre m\u00f6gliche Relevanz f\u00fcr heutige Probleme und Diskurse. <a rel=\"noreferrer noopener\" href=\"https:\/\/www.sozphil.uni-leipzig.de\/cm\/kuwi\/2020\/02\/10\/internationale-konferenz-kultur-und-kulturpolitik-in-der-systemtransformation-mittelund-ostmitteleuropas-seit-1989-cultural-policy-and-culture-in-transformation-central-and-eastern-europe-since-198\/\" target=\"_blank\">Tagung \u201eKultur und Kulturpolitik in der Systemtransformation Mittel- und Ostmitteleuropas seit 1989&#8243;<\/a>, Universit\u00e4t Leipzig<\/s> <\/li>\n\n\n\n<li><s><strong>16. M\u00e4rz 2020<\/strong><\/s>  <em>(aufgrund der Corona-Pandemie entfallen)<\/em> <br><s>Filmpr\u00e4sentation auf der Veranstaltung \u201eWir sind w\u00e4hlerisch \u2013 30 Jahre freie Volkskammerwahl\u201c. <\/s><br><s>Der Ministerpr\u00e4sident des Freistaates Sachsen, die Aktion Zivilcourage e. V. und der Tr\u00e4gerverein der Gedenkst\u00e4tte Bautzner Stra\u00dfe Dresden \u2013 Erkenntnis durch Erinnerung e.V. laden aus Anlass der Volkskammerwahl am 18. M\u00e4rz 1990 junge Leute ein, mit Zeitzeugen \u00fcber die damaligen Ereignisse und ihre Bedeutung f\u00fcr heute zu diskutieren. <a rel=\"noreferrer noopener\" href=\"https:\/\/goo.gl\/maps\/CBxNohrvdbGkoJaW6\" target=\"_blank\">Gedenkst\u00e4tte Bautzner Stra\u00dfe Dresden<\/a>, Bautzner Stra\u00dfe 112a, 01099 Dresden<\/s>  <\/li>\n\n\n\n<li><strong>22. November 2019<\/strong><br>Workshop \u201eDie DDR in der deutschen und europ\u00e4ischen Zeitgeschichte\u201c, <a href=\"https:\/\/www.ifz-muenchen.de\/das-institut\/veranstaltungsrueckblick\/veranstaltung\/die-ddr-in-der-deutschen-und-europaeischen-zeitgeschichte\" target=\"_blank\" rel=\"noreferrer noopener\">Institut f\u00fcr Zeitgeschichte M\u00fcnchen-Berlin<\/a>, Abt. Berlin (<a href=\"https:\/\/www.hsozkult.de\/conferencereport\/id\/fdkn-127142\" target=\"_blank\" rel=\"noreferrer noopener\">Tagungsbericht in HSozKult<\/a>)<\/li>\n\n\n\n<li><strong>21. November 2019<\/strong><br>\u201eNahwelt-Fernsehen und politisch-mediale Transformation: Lokale Fernsehprogramme in Sachsen in der Scharnierzeit von 1990-1995.\u201c 15.30 Uhr, Vortrag auf der <a rel=\"noreferrer noopener\" href=\"https:\/\/kritischekommunikationswissenschaft.wordpress.com\/jahrestagung-2019\/\" target=\"_blank\">3. Jahrestagung des Netzwerks Kritische Kommunikationswissenschaft: \u201eMedien der Transformation \u2013 Transformation der Medien\u201c<\/a>, Universit\u00e4t Leipzig<\/li>\n\n\n\n<li><strong>8. November 2019<\/strong><br>\u201eLokale s\u00e4chsische Fernsehprogramme der fr\u00fchen 1990er Jahre als Quellen audio-visuellen Ged\u00e4chtnisses.\u201c 18.30 Uhr, Vortrag auf dem Medienhistorischen Forum des Studienkreises Rundfunk und Geschichte e.V., <a rel=\"noreferrer noopener\" href=\"https:\/\/goo.gl\/maps\/G2W5tzHMDjverVbp9\" target=\"_blank\">Stiftung LEUCOREA, Collegienstra\u00dfe 62, 06886 Lutherstadt Wittenberg<\/a> <\/li>\n\n\n\n<li><strong>21. Oktober 2019<\/strong><br>Workshop \u201eOral Histories on the Fall of the Iron Curtain\u201c, Centre for Contemporary and Digital History (C2DH) \u2013 <a rel=\"noreferrer noopener\" href=\"https:\/\/www.c2dh.uni.lu\" target=\"_blank\">University of Luxembour<\/a>g <\/li>\n\n\n\n<li><strong>4. Oktober 2019<\/strong><br>Workshop \u201eRemembering 1989: Actors, Approaches and Audiences\u201c, <a rel=\"noreferrer noopener\" href=\"http:\/\/imre-kertesz-kolleg.uni-jena.de\" target=\"_blank\">Imre Kert\u00e9sz Kolleg Jena<\/a> <\/li>\n\n\n\n<li><strong>17. Juli 2019<\/strong><br>Thirty years after the fall of the Berlin Wall: Clash of cultures and  transforming new identities in Eastern Germany (1989-1995). Conference  \u201ePower and the Media\u201c, International Association for Media and History  (IAMHIST), Northumbria University Newcastle <\/li>\n\n\n\n<li><strong>5. Juli 2019<\/strong><br>Fernsehen von nebenan. Das audiovisuelle Erbe der s\u00e4chsischen  Lokalfernseh-Veranstalter. Vortrag auf dem Mediensommerfest der  S\u00e4chsischen Landesanstalt f\u00fcr privaten Rundfunk und neue Medien, Leipzig<\/li>\n\n\n\n<li><strong>6. Juni 2019<\/strong><br>Lokale S\u00e4chsische Fernsehprogramme als Quellen audiovisueller  Erinnerung. Ihre Rolle als Begleiter mentaler, sozialer, medialer und  politischer Ver\u00e4nderungsprozesse in der Transformations- und Sattelzeit.  Workshop im Rahmen des mitteldeutschen Archivnetzwerkes,  Universit\u00e4tsarchiv Leipzig<\/li>\n\n\n\n<li><strong>10. Mai 2019<\/strong><br> Der Blick von unten. Wie das s\u00e4chsische Lokalfernsehen die  Transformation ins vereinte Deutschland begleitete (1989\u20131995). Vortrag  auf dem 16. Nei\u00dfe-Filmfestival, Camillo Kino, G\u00f6rlitz<\/li>\n\n\n\n<li><strong>14. M\u00e4rz 2019<\/strong><br>Local Saxonian TV Programmes as Sources of Audio-Visual Memory, International Seminar: \u20181989: Mapping New Frontiers of Europe and Beyond\u2019, organized by the FIAT\/IFTA Media Studies Commission in co-operation with the Centre for Digital and Contemporary History at the University of Luxembourg \u2013 Universit\u00e9 du Luxembourg, Esch-sur-Alzette<\/li>\n<\/ul>\n\n\n\n<h3 class=\"wp-block-heading\">Eigene Veranstaltungen<\/h3>\n\n\n\n<ul class=\"wp-block-list\">\n<li><strong>29. Juli &#8211; 12. September 2021<\/strong><br>Ausstellung <a href=\"https:\/\/www.heimat-und-transformation.de\/land-im-umbruch\/\">Land im Umbruch<\/a>. S\u00e4chsisches Lokalfernsehen (1990-1995), <a rel=\"noreferrer noopener\" href=\"https:\/\/www.baldauf-villa.de\/events\/kreatives\/event\/576-land-im-umbruch.html\" target=\"_blank\">Baldauf Villa Marienberg<\/a><\/li>\n\n\n\n<li><strong>28. Juli 2021<\/strong><br>Ausstellungser\u00f6ffnung: <a href=\"https:\/\/www.heimat-und-transformation.de\/land-im-umbruch\/\">Land im Umbruch<\/a>. S\u00e4chsisches Lokalfernsehen (1990-1995), 17 Uhr, <a rel=\"noreferrer noopener\" href=\"https:\/\/www.baldauf-villa.de\/events\/kreatives\/event\/576-land-im-umbruch.html\" target=\"_blank\">Baldaufvilla Marienberg<\/a><\/li>\n\n\n\n<li><strong>10. Oktober 2020 &#8211; 06. Juni 2021<\/strong><br>Ausstellung <a href=\"https:\/\/www.heimat-und-transformation.de\/land-im-umbruch\/\">Land im Umbruch<\/a>. S\u00e4chsisches Lokalfernsehen (1990-1995), <a rel=\"noreferrer noopener\" href=\"https:\/\/goo.gl\/maps\/yomHKYt8tJEdQsYWA\" target=\"_blank\">Schloss Hartenfels Torgau<\/a>, Fl\u00fcgel D<\/li>\n\n\n\n<li><strong>22. und 23. April 2021<\/strong><br>Online-Workshop <a href=\"https:\/\/www.heimat-und-transformation.de\/veranstaltungen\/workshop\/\">Transformation von unten<\/a>, in Zusammenarbeit mit dem Historischen Seminar der Universit\u00e4t Leipzig<\/li>\n\n\n\n<li><strong>9. Oktober 2020<\/strong><br>Ausstellungser\u00f6ffnung: <a href=\"https:\/\/www.heimat-und-transformation.de\/land-im-umbruch\/\">Land im Umbruch<\/a>. S\u00e4chsisches Lokalfernsehen (1990-1995), 17 Uhr, <a rel=\"noreferrer noopener\" href=\"https:\/\/goo.gl\/maps\/yomHKYt8tJEdQsYWA\" target=\"_blank\">Schloss Hartenfels Torgau<\/a>, Fl\u00fcgel D<\/li>\n\n\n\n<li><strong>1. Oktober 2020<\/strong><br>\u201eFernsehen von nebenan. Bilder des Umbruchs im Lokalfernsehen (1990-95). Pr\u00e4sentationen und Diskussionen\u201c, 17 Uhr, <a rel=\"noreferrer noopener\" href=\"https:\/\/goo.gl\/maps\/CnfvqHbWgusmuJxT8\" target=\"_blank\">Kulturhaus Laubusch, Hauptstr. 10, 02991 Lauta, OT Laubusch<\/a><\/li>\n\n\n\n<li><strong>30. September 2020<\/strong><br>\u201eFernsehen von nebenan. Bilder des Umbruchs im Lokalfernsehen (1990-95). Pr\u00e4sentationen und Diskussionen\u201c, 18 Uhr, <a rel=\"noreferrer noopener\" href=\"https:\/\/goo.gl\/maps\/AZ7H4iF7pGLpt1rbA\" target=\"_blank\">Baldauf Villa, Marienberg<\/a><\/li>\n\n\n\n<li><strong><strong>2. Juli 2020<\/strong><\/strong><br>\u201eFernsehen von nebenan. Bilder des Umbruchs im Lokalfernsehen (1990-95). Pr\u00e4sentationen und Diskussionen\u201c, 18 Uhr, <a rel=\"noreferrer noopener\" href=\"https:\/\/goo.gl\/maps\/UJRg9e15EUBdwe8b6\" target=\"_blank\">studio eins<\/a>, Schulstra\u00dfe 15, 02977 Hoyerswerda<\/li>\n\n\n\n<li><strong>11. Juni 2020<\/strong><br>\u201eFernsehen von nebenan. Bilder des Umbruchs im Lokalfernsehen (1990-95). Pr\u00e4sentationen und Diskussionen\u201c, 18 Uhr, Torgau, Schloss Hartenfels (Pr\u00e4senzveranstaltung mit Web-Seminar-Option)<\/li>\n\n\n\n<li><strong>4. Juni 2020<\/strong><br>\u201eFernsehen von nebenan. Bilder des Umbruchs im Lokalfernsehen (1990-95). Pr\u00e4sentationen und Diskussionen\u201c, 18 Uhr, Freiberg, Web-Seminar in Kooperation mit dem SAEK Chemnitz<\/li>\n\n\n\n<li><s><strong>24. April 2020<\/strong><\/s> <em>(aufgrund der Corona-Pandemie entfallen)<\/em><br><s>\u201eFernsehen von nebenan. Bilder des Umbruchs im Lokalfernsehen (1990-95). Pr\u00e4sentationen und Diskussionen\u201c, Lauta \/ Laubusch (Veranstaltungsort folgt)<\/s><\/li>\n\n\n\n<li><strong>23. April 2020<\/strong> <br>\u201eFernsehen von nebenan. Bilder des Umbruchs im Lokalfernsehen (1990-95). Pr\u00e4sentationen und Diskussionen\u201c, 18 Uhr, Web-Seminar in Kooperation mit dem SAEK Bautzen<\/li>\n\n\n\n<li><s><strong>21. April 2020<\/strong><\/s> <em>(aufgrund der Corona-Pandemie entfallen)<\/em><br><s>\u201eFernsehen von nebenan. Bilder des Umbruchs im Lokalfernsehen (1990-95). Pr\u00e4sentationen und Diskussionen\u201c, 18 Uhr, <a rel=\"noreferrer noopener\" href=\"https:\/\/goo.gl\/maps\/podotQyfYrhGGue97\" target=\"_blank\">Hochschulbibliothek der Wests\u00e4chsischen Hochschule Zwickau<\/a>, Klosterstra\u00dfe 7, Zwickau<\/s><\/li>\n\n\n\n<li><s><strong>27. M\u00e4rz 2020<\/strong><\/s> <em>(aufgrund der Corona-Pandemie entfallen)<\/em><br><s>\u201eFernsehen von nebenan. Bilder des Umbruchs im Lokalfernsehen (1990-95).  Pr\u00e4sentationen und Diskussionen\u201c, 18 Uhr, <a rel=\"noreferrer noopener\" href=\"https:\/\/goo.gl\/maps\/RjPv7wa9xiTtc6Q6A\" target=\"_blank\">Baldauf Villa, Marienberg<\/a><\/s>   <\/li>\n\n\n\n<li><strong>7. M\u00e4rz 2020<\/strong><br>Vortrag zum lokalen Fernsehprogramm als audio-visuelles Ged\u00e4chtnis. Tag der Archive, 11 Uhr, <a rel=\"noreferrer noopener\" href=\"https:\/\/goo.gl\/maps\/Lt44gA9oBQL2qLr76\" target=\"_blank\">Schlo\u00df Voigtsberg in Oelsnitz\/Vogtland<\/a>  <\/li>\n\n\n\n<li><strong>6. M\u00e4rz 2020<\/strong><br>\u201eFernsehen von nebenan. Bilder des Umbruchs im Lokalfernsehen (1990-95). Pr\u00e4sentationen und Diskussionen\u201c, 17 Uhr, <a rel=\"noreferrer noopener\" href=\"https:\/\/goo.gl\/maps\/DZjVc3LPeWvef1wD8\" target=\"_blank\">Mehrgenerationenhaus Zw\u00f6nitz<\/a> <\/li>\n\n\n\n<li><strong>26. November 2019 <\/strong><br>\u201eFernsehen von nebenan. Bilder des Umbruchs im Lokalfernsehen (1990-95). Pr\u00e4sentationen und Diskussionen.\u201c 18 Uhr, <a rel=\"noreferrer noopener\" href=\"https:\/\/goo.gl\/maps\/sdR5UsgxzQXKG4bJA\" target=\"_blank\">Leipzig, Stadtbibliothek<\/a> <\/li>\n\n\n\n<li><strong>14. November 2019 <\/strong><br>\u201eFernsehen von nebenan. Bilder des Umbruchs im Lokalfernsehen (1990-95). Pr\u00e4sentationen und Diskussionen.\u201c  17 Uhr, <a rel=\"noreferrer noopener\" href=\"https:\/\/goo.gl\/maps\/hK3R53bVdJpuuWbs8\" target=\"_blank\">Clubraum Malzhaus, Alter Teich 7, 08527 Plauen<\/a> <\/li>\n\n\n\n<li><strong>10. November 2019 <\/strong><br>\u201eAmbivalente Bilder des Vereinigungs-Prozesses nach 1989: Lokale s\u00e4chsische Fernsehprogramme als historische und kulturelle Quellen des audio-visuellen Ged\u00e4chtnisses.\u201c 16.30 Uhr, <a rel=\"noreferrer noopener\" href=\"https:\/\/goo.gl\/maps\/aNcBaCiH4aiLCuac9\" target=\"_blank\">Kino im Kasten, August-Bebel-Stra\u00dfe 20, Dresden<\/a> <\/li>\n\n\n\n<li><strong>2. November 2019 <\/strong><br>\u201eEnt-grenzt: Fernsehen von nebenan. S\u00e4chsisches Lokalfernsehen 1990 bis 1995\u201c, 62. Internationales Leipziger Festival f\u00fcr Dokumentar- und Animationsfilm,  14.30-16&nbsp;Uhr, <a rel=\"noreferrer noopener\" href=\"https:\/\/g.page\/zeitgeschichtlichesforumleipzig?share\" target=\"_blank\">Zeitgeschichtliches Forum Leipzig<\/a>     <\/li>\n\n\n\n<li><strong>28. Oktober 2019 <\/strong><br>\u201eNachbarschaftsfernsehen. Bilder des Umbruchs aus dem lokalen s\u00e4chsischen Fernsehen 1990 bis 1995.\u201c 20 Uhr, <a rel=\"noreferrer noopener\" href=\"https:\/\/goo.gl\/maps\/KJGjR1FmXRomcqYn9\" target=\"_blank\">Thomashaus, Thomaskirche Leipzig<\/a> <\/li>\n\n\n\n<li><strong>11. Oktober 2019 <\/strong><br>\u201eFernsehen von nebenan. Bilder des Umbruchs im Lokalfernsehen (1990-95). Pr\u00e4sentationen und Diskussionen.\u201c 18 Uhr, <a rel=\"noreferrer noopener\" href=\"https:\/\/goo.gl\/maps\/VTaEJxPuRSgDXkWT9\" target=\"_blank\">Chemnitz, Stadtbibliothek<\/a> <\/li>\n\n\n\n<li><strong>10. Oktober 2019 <\/strong><br>\u201eFernsehen von nebenan. Bilder des Umbruchs im Lokalfernsehen (1990-95). Pr\u00e4sentationen und Diskussionen.\u201c 17 Uhr, <a rel=\"noreferrer noopener\" href=\"https:\/\/goo.gl\/maps\/g6vT8G9paQwrrHKTA\" target=\"_blank\">G\u00f6rlitz, Stadtbibliothek<\/a> <\/li>\n<\/ul>\n","protected":false},"excerpt":{"rendered":"<p>Teilnahme und Beitr\u00e4ge Eigene Veranstaltungen<\/p>\n","protected":false},"author":1,"featured_media":163,"parent":0,"menu_order":0,"comment_status":"closed","ping_status":"closed","template":"template-full-width.php","meta":{"footnotes":""},"class_list":["post-13","page","type-page","status-publish","has-post-thumbnail","hentry"],"translation":{"provider":"WPGlobus","version":"3.0.2","language":"en","enabled_languages":["de","en"],"languages":{"de":{"title":true,"content":true,"excerpt":false},"en":{"title":false,"content":false,"excerpt":false}}},"_links":{"self":[{"href":"https:\/\/www.heimat-und-transformation.de\/en\/wp-json\/wp\/v2\/pages\/13","targetHints":{"allow":["GET"]}}],"collection":[{"href":"https:\/\/www.heimat-und-transformation.de\/en\/wp-json\/wp\/v2\/pages"}],"about":[{"href":"https:\/\/www.heimat-und-transformation.de\/en\/wp-json\/wp\/v2\/types\/page"}],"author":[{"embeddable":true,"href":"https:\/\/www.heimat-und-transformation.de\/en\/wp-json\/wp\/v2\/users\/1"}],"replies":[{"embeddable":true,"href":"https:\/\/www.heimat-und-transformation.de\/en\/wp-json\/wp\/v2\/comments?post=13"}],"version-history":[{"count":70,"href":"https:\/\/www.heimat-und-transformation.de\/en\/wp-json\/wp\/v2\/pages\/13\/revisions"}],"predecessor-version":[{"id":824,"href":"https:\/\/www.heimat-und-transformation.de\/en\/wp-json\/wp\/v2\/pages\/13\/revisions\/824"}],"wp:featuredmedia":[{"embeddable":true,"href":"https:\/\/www.heimat-und-transformation.de\/en\/wp-json\/wp\/v2\/media\/163"}],"wp:attachment":[{"href":"https:\/\/www.heimat-und-transformation.de\/en\/wp-json\/wp\/v2\/media?parent=13"}],"curies":[{"name":"wp","href":"https:\/\/api.w.org\/{rel}","templated":true}]}}