{"id":15,"date":"2019-08-22T08:21:06","date_gmt":"2019-08-22T06:21:06","guid":{"rendered":"https:\/\/www.heimat-und-transformation.de\/cms\/?page_id=15"},"modified":"2025-07-31T09:04:25","modified_gmt":"2025-07-31T07:04:25","slug":"veroeffentlichungen","status":"publish","type":"page","link":"https:\/\/www.heimat-und-transformation.de\/en\/veroeffentlichungen\/","title":{"rendered":"Ver\u00f6ffentlichungen"},"content":{"rendered":"\n<h4 class=\"wp-block-heading\"> Ver\u00f6ffentlichungen vom LIHT <\/h4>\n\n\n\n<ul class=\"wp-block-list\">\n<li>R\u00fcdiger Steinmetz\/Judith Kretzschmar (2025): Lokalfernsehen in der fr\u00fchen Nachwendezeit. In: Johanna S\u00e4nger, Aiko Wolf, Anselm Hartinger (Hrsg.): Zwischen Aufbruch und Abwicklung. Die 90er in Leipzig. Leipzig: Stadtgeschichtliches Museum, S. 84-91.<\/li>\n\n\n\n<li>R\u00fcdiger Steinmetz\/Judith Kretzschmar (2025): Clandestine, Illegal and Semi-legal Local TV Programs in GDR and Saxony\u00a0(1989-1995). Case Studies of TV Makers in Saxony (in print). In: Tobias Hochscherf and\u00a0Gintaras Aleknonis (Eds.): Conflict Resolution and the Cold War: Media Encounters across the Iron Courtain. New York: Bloomsbury Academic.<\/li>\n\n\n\n<li>R\u00fcdiger Steinmetz\/Judith Kretzschmar (2022): The Great Transformation in Germany of 1989\/90 from the View of Local Television (1990-1995). VIEW Journal of European Television History and Culture 11 (21), S. 36-48. DOI: <a href=\"http:\/\/doi.org\/10.18146\/view.288\" target=\"_blank\" rel=\"noreferrer noopener\">http:\/\/doi.org\/10.18146\/view.288<\/a> [Peer Review].<\/li>\n\n\n\n<li>Judith Kretzschmar\/R\u00fcdiger Steinmetz (2021): Abbruch, Umbruch, Aufbruch: Programme des s\u00e4chsischen Lokalfernsehens in der Nachwendezeit 1990\u20131995. In: Nils S. Borchers, Selma G\u00fcney, Uwe Kr\u00fcger und Kerem Schamberger (Hrsg.): Transformation der Medien \u2013 Medien der Transformation. Verhandlungen des Netzwerks Kritische Kommunikationswissenschaft. Frankfurt am Main: Westend 2021. DOI: <a rel=\"noreferrer noopener\" href=\"https:\/\/doi.org\/10.53291\/THLT5265\" target=\"_blank\">https:\/\/doi.org\/10.53291\/THLT5265<\/a>.<\/li>\n\n\n\n<li>Judith Kretzschmar\/R\u00fcdiger Steinmetz (2020): Land im Umbruch. Erfahrungen, Entt\u00e4uschungen, Erfolge im Spiegel s\u00e4chsischer Lokalfernsehprogramme (1990-1995). <a rel=\"noreferrer noopener\" href=\"https:\/\/nbn-resolving.org\/urn:nbn:de:bsz:15-qucosa2-725165\" target=\"_blank\">https:\/\/nbn-resolving.org\/urn:nbn:de:bsz:15-qucosa2-725165<\/a> [URN, Open Access]<\/li>\n\n\n\n<li>Judith Kretzschmar: Lokalfernsehen als audiovisuelles Erbe. Pilotprojekt zur digitalen Sicherung und Erschlie\u00dfung der Best\u00e4nde in Sachsen, 14. Dezember 2018<\/li>\n<\/ul>\n\n\n\n<p>Berichte und Reportagen zur turbulenten Transformation des Mediensystems 1990 auf der Seite \u201eFernsehen und H\u00f6rfunk\u201c der S\u00fcddeutschen Zeitung:<\/p>\n\n\n\n<ul class=\"wp-block-list\">\n<li>R\u00fcdiger Steinmetz: <a rel=\"noreferrer noopener\" aria-label=\" (\u00f6ffnet in neuem Tab)\" href=\"https:\/\/www.heimat-und-transformation.de\/cms\/wp-content\/uploads\/SZ-17.07.1990.pdf\" target=\"_blank\">Sommerpause<\/a>. S\u00fcddeutsche Zeitung vom 17. Juli 1990<\/li>\n\n\n\n<li>R\u00fcdiger Steinmetz: <a href=\"https:\/\/www.heimat-und-transformation.de\/cms\/wp-content\/uploads\/SZ-21.06.1990.pdf\" target=\"_blank\" rel=\"noreferrer noopener\" aria-label=\" (\u00f6ffnet in neuem Tab)\">Frischer Wind im DDR-Radio<\/a>. S\u00fcddeutsche Zeitung vom 21. Juni 1990<\/li>\n\n\n\n<li>R\u00fcdiger Steinmetz: <a rel=\"noreferrer noopener\" aria-label=\" (\u00f6ffnet in neuem Tab)\" href=\"https:\/\/www.heimat-und-transformation.de\/cms\/wp-content\/uploads\/SZ-23.03.1990.pdf\" target=\"_blank\">Wenn die K\u00e4seglocke gel\u00fcftet wird, gibt&#8217;s Sturm<\/a>. S\u00fcddeutsche Zeitung vom 23. M\u00e4rz 1990<\/li>\n<\/ul>\n\n\n\n<h4 class=\"wp-block-heading\">Ver\u00f6ffentlichungen \u00fcber das LIHT<\/h4>\n\n\n\n<ul class=\"wp-block-list\">\n<li><a href=\"https:\/\/www.meinungsbarometer.info\/beitrag\/Forscher-plaediert-fuer-gesamtdeutsches-Zukunftszentrum_4525.html\" target=\"_blank\" rel=\"noreferrer noopener\">Forscher pl\u00e4diert f\u00fcr gesamtdeutsches Zukunftszentrum<\/a>, Meinungsbarometer.info am 06. Februar 2023<\/li>\n\n\n\n<li><a rel=\"noreferrer noopener\" href=\"https:\/\/www.heimat-und-transformation.de\/cms\/wp-content\/uploads\/Artikel-Freie-Presse.pdf\" target=\"_blank\">Beginn einer Bl\u00fctezeit: Heimat-Fernsehen im besten Sinne<\/a>, Freie Presse &#8211; Marienberger Zeitung am 03. August 2021, S. 11<\/li>\n<\/ul>\n\n\n\n<figure class=\"wp-block-embed is-type-video is-provider-youtube wp-block-embed-youtube wp-embed-aspect-16-9 wp-has-aspect-ratio\"><div class=\"wp-block-embed__wrapper\">\n<iframe loading=\"lazy\" title=\"MEgional am 29. Juli 2021\" width=\"580\" height=\"326\" src=\"https:\/\/www.youtube.com\/embed\/sB8lfhGnEgg?start=60&#038;feature=oembed\" frameborder=\"0\" allow=\"accelerometer; autoplay; clipboard-write; encrypted-media; gyroscope; picture-in-picture; web-share\" referrerpolicy=\"strict-origin-when-cross-origin\" allowfullscreen><\/iframe>\n<\/div><figcaption class=\"wp-element-caption\">Ausstellungser\u00f6ffnung in der Baldauf Villa, MEgional am 29. Juli 2021<\/figcaption><\/figure>\n\n\n\n<ul class=\"wp-block-list\">\n<li><a rel=\"noreferrer noopener\" href=\"https:\/\/www.hsozkult.de\/conferencereport\/id\/tagungsberichte-8957\" target=\"_blank\">Tagungsbericht: Transformation von unten.<\/a> Neue Perspektiven auf den Vereinigungsprozess, 22.04.2021 \u2013 23.04.2021 digital (Leipzig), in: H-Soz-Kult, 02.06.2021<\/li>\n<\/ul>\n\n\n\n<figure class=\"wp-block-video\"><video height=\"720\" style=\"aspect-ratio: 1280 \/ 720;\" width=\"1280\" controls poster=\"https:\/\/www.heimat-und-transformation.de\/cms\/wp-content\/uploads\/vlcsnap-2021-05-26-21h46m41s799.png\" preload=\"auto\" src=\"https:\/\/www.heimat-und-transformation.de\/cms\/wp-content\/uploads\/torgautvmai.mp4\"><\/video><figcaption class=\"wp-element-caption\">Bericht \u00fcber die Wiederer\u00f6ffnung von \u201eLand im Umbruch\u201c, Torgau-TV am 25. Mai 2021<br>\u00a9 Torgau-TV<\/figcaption><\/figure>\n\n\n\n<ul class=\"wp-block-list\">\n<li><a rel=\"noreferrer noopener lightbox-0\" href=\"https:\/\/www.heimat-und-transformation.de\/cms\/wp-content\/uploads\/Kreuzer_LIHT-scaled.jpg\" target=\"_blank\">Umbruchs-TV<\/a>. In Torgau sind die Nachwendejahre im Licht des Lokalfernsehens zu besichtigen, Kreuzer Nr. 11\/2020, S. 80<\/li>\n<\/ul>\n\n\n\n<figure class=\"wp-block-video\"><video controls poster=\"https:\/\/www.heimat-und-transformation.de\/cms\/wp-content\/uploads\/torgautv.png\" preload=\"auto\" src=\"https:\/\/www.heimat-und-transformation.de\/cms\/wp-content\/uploads\/torgautvausstellungsbericht.mp4\"><\/video><figcaption class=\"wp-element-caption\">Bericht \u00fcber die Ausstellungser\u00f6ffnung auf Schloss Hartenfels: &#8220;Land im Umbruch&#8221;, Torgau-TV am 18. Oktober 2020<br>\u00a9 Ren\u00e9 Wegler\/Torgau-TV<\/figcaption><\/figure>\n\n\n\n<figure class=\"wp-block-video\"><video controls poster=\"https:\/\/www.heimat-und-transformation.de\/cms\/wp-content\/uploads\/torgautvsteinmetz.png\" preload=\"auto\" src=\"https:\/\/www.heimat-und-transformation.de\/cms\/wp-content\/uploads\/torgautvsteinmetzkretzschmar.mp4\"><\/video><figcaption class=\"wp-element-caption\">Einf\u00fchrung in die Ausstellung \u201eLand im Umbruch\u201c am 9. Oktober 2020 durch Judith Kretzschmar und R\u00fcdiger Steinmetz, Torgau-TV am 18. Oktober 2020<br>\u00a9 Ren\u00e9 Wegler\/Torgau-TV<\/figcaption><\/figure>\n\n\n\n<figure class=\"wp-block-video\"><video controls poster=\"https:\/\/www.heimat-und-transformation.de\/cms\/wp-content\/uploads\/torgautvschenk.png\" preload=\"auto\" src=\"https:\/\/www.heimat-und-transformation.de\/cms\/wp-content\/uploads\/torgautvschenk.mp4\"><\/video><figcaption class=\"wp-element-caption\">Gru\u00dfworte von Chef der S\u00e4chsischen Staatskanzlei, Staatsminister Oliver Schenk, zur Er\u00f6ffnung der Ausstellung \u201eLand im Umbruch\u201c am 9. Oktober 2020, Torgau-TV am 18. Oktober 2020<br>\u00a9 Ren\u00e9 Wegler\/Torgau-TV<\/figcaption><\/figure>\n\n\n\n<ul class=\"wp-block-list\">\n<li><a rel=\"noreferrer noopener lightbox-1\" href=\"https:\/\/www.heimat-und-transformation.de\/cms\/wp-content\/uploads\/LVZ_09.10.2020.jpg\" target=\"_blank\">Neue Sonderschau auf Schloss Hartenfels<\/a>, Leipziger Volkszeitung (Delitzsch &#8211; Eilenburg) am 9. Oktober 2020, S. 36<\/li>\n\n\n\n<li><a rel=\"noreferrer noopener lightbox-2\" href=\"https:\/\/www.heimat-und-transformation.de\/cms\/wp-content\/uploads\/TZ_8.10.20-scaled.jpg\" target=\"_blank\">Das &#8220;Fernsehen von nebenan&#8221; kommt aufs Schloss Hartenfels<\/a>, Torgauer Zeitung am 8. Oktober 2020<\/li>\n\n\n\n<li><a rel=\"noreferrer noopener\" href=\"https:\/\/www.heimat-und-transformation.de\/cms\/wp-content\/uploads\/SZ_Laubusch.pdf\" target=\"_blank\">Als der Pfarrer einen Fernsehsender gr\u00fcndete<\/a>, S\u00e4chsische Zeitung vom 05. Oktober 2020<\/li>\n\n\n\n<li><a rel=\"noreferrer noopener\" href=\"https:\/\/youtu.be\/k2qYegs7m9o?t=492\" target=\"_blank\">Interview von Tobias K\u00f6rner mit Judith Kretzschmar zu \u201eFernsehen von Nebenan\u201c<\/a>, MITTEL ERZGEBIRGS FERNSEHEN, MEgional am 02. Oktober 2020<\/li>\n\n\n\n<li>Interview zur Kulturnacht &#8220;30 Jahre Deutsche Einheit: Ist der Blick auf Ostdeutschland durch den Westen gepr\u00e4gt?&#8221;, 27. September 2020, MDR Th\u00fcringen, Dagmar Weitbrecht<\/li>\n<\/ul>\n\n\n\n<figure class=\"wp-block-audio\"><audio controls src=\"https:\/\/www.heimat-und-transformation.de\/cms\/wp-content\/uploads\/mdrkulturnacht.mp3\"><\/audio><figcaption class=\"wp-element-caption\">30 Jahre Deutsche Einheit: Ist der Blick auf Ostdeutschland durch den Westen gepr\u00e4gt?<\/figcaption><\/figure>\n\n\n\n<ul class=\"wp-block-list\">\n<li><a href=\"https:\/\/www.mdr.de\/medien360g\/medienkultur\/westzeitungen-in-der-ddr-100.html\" target=\"_blank\" rel=\"noreferrer noopener\">Wie Westzeitungen in die DDR kamen. Als die Zeitungen bunter wurden&#8230;<\/a> 25. September 2020, MEDIEN360G, Mitteldeutscher Rundfunk, Dagmar Weitbrecht<\/li>\n\n\n\n<li><a rel=\"noreferrer noopener\" href=\"https:\/\/www.youtube.com\/watch?time_continue=1&amp;v=dQEkqaypGys&amp;feature=emb_logo\" target=\"_blank\">Hoyerswerda: Fernsehen von nebenan<\/a>, Lausitzwelle, Drehscheibe Lausitz vom 10. Juli 2020<\/li>\n<\/ul>\n\n\n\n<figure class=\"wp-block-video\"><video height=\"720\" style=\"aspect-ratio: 1280 \/ 720;\" width=\"1280\" controls src=\"https:\/\/www.heimat-und-transformation.de\/cms\/wp-content\/uploads\/lausitzwelle.mp4\"><\/video><figcaption class=\"wp-element-caption\">Hoyerswerda: Fernsehen von nebenan<\/figcaption><\/figure>\n\n\n\n<ul class=\"wp-block-list\">\n<li><a href=\"https:\/\/www.heimat-und-transformation.de\/cms\/wp-content\/uploads\/www.saechsische.deplusdas-lokalfernsehen-als-historische-quelle-hoyerswerda-5225442.html.pdf\" target=\"_blank\" rel=\"noreferrer noopener\">Das Lokalfernsehen als historische Quelle<\/a>, Hoyerswerdaer Tageblatt vom 07. Juli 2020, S. 1<\/li>\n\n\n\n<li><a rel=\"noreferrer noopener\" href=\"https:\/\/www.heimat-und-transformation.de\/cms\/wp-content\/uploads\/Hoy-TV.pdf\" target=\"_blank\">Wissenschaftler widmen sich dem Lokal-TV<\/a>, Hoyerswerdaer Tageblatt vom 29. Juni 2020, S. 9<\/li>\n<\/ul>\n\n\n<div class=\"wp-block-image\">\n<figure class=\"aligncenter size-medium\"><img loading=\"lazy\" decoding=\"async\" width=\"284\" height=\"300\" src=\"https:\/\/www.heimat-und-transformation.de\/cms\/wp-content\/uploads\/Meldung_Hoyerswerdaer-Tageblatt-1-284x300.png\" alt=\"\" class=\"wp-image-484\" srcset=\"https:\/\/www.heimat-und-transformation.de\/cms\/wp-content\/uploads\/Meldung_Hoyerswerdaer-Tageblatt-1-284x300.png 284w, https:\/\/www.heimat-und-transformation.de\/cms\/wp-content\/uploads\/Meldung_Hoyerswerdaer-Tageblatt-1-971x1024.png 971w, https:\/\/www.heimat-und-transformation.de\/cms\/wp-content\/uploads\/Meldung_Hoyerswerdaer-Tageblatt-1-768x810.png 768w, https:\/\/www.heimat-und-transformation.de\/cms\/wp-content\/uploads\/Meldung_Hoyerswerdaer-Tageblatt-1-540x570.png 540w, https:\/\/www.heimat-und-transformation.de\/cms\/wp-content\/uploads\/Meldung_Hoyerswerdaer-Tageblatt-1.png 1058w\" sizes=\"auto, (max-width: 284px) 100vw, 284px\" \/><\/figure>\n<\/div>\n\n\n<ul class=\"wp-block-list\">\n<li>Wissenschaftler untersuchen Lokal-TV-Anf\u00e4nge, Hoyte24 vom 27. Juni 2020<\/li>\n\n\n\n<li><a rel=\"noreferrer noopener\" href=\"https:\/\/www.heimat-und-transformation.de\/cms\/wp-content\/uploads\/06_06_S.-17-TuR.pdf\" target=\"_blank\">Als der Nachbar noch Fernsehen machte<\/a>, Torgauer Zeitung vom 6.\/7. Juni 2020, S. 17<\/li>\n\n\n\n<li>Interview zum Forschungsprojekt &#8220;Lokalfernsehen als audiovisuelles Erbe&#8221; mit Judith Kretzschmar und R\u00fcdiger Steinmetz. Radio T, Chemnitz: Detektor &#8211; Das Infomagazin vom 28. Mai 2020<\/li>\n<\/ul>\n\n\n\n<figure class=\"wp-block-audio\"><audio controls src=\"https:\/\/www.heimat-und-transformation.de\/cms\/wp-content\/uploads\/20200605-lokalfernseh-102820.mp3\"><\/audio><figcaption class=\"wp-element-caption\">Interview zum Forschungsprojekt &#8220;Lokalfernsehen als audiovisuelles Erbe&#8221;<\/figcaption><\/figure>\n\n\n<div class=\"wp-block-image\">\n<figure class=\"aligncenter size-large\"><img loading=\"lazy\" decoding=\"async\" width=\"524\" height=\"481\" src=\"https:\/\/www.heimat-und-transformation.de\/cms\/wp-content\/uploads\/2020-04-24-SN-Lokalna-telewizija-wazne-zorlo.jpg\" alt=\"\" class=\"wp-image-434\" srcset=\"https:\/\/www.heimat-und-transformation.de\/cms\/wp-content\/uploads\/2020-04-24-SN-Lokalna-telewizija-wazne-zorlo.jpg 524w, https:\/\/www.heimat-und-transformation.de\/cms\/wp-content\/uploads\/2020-04-24-SN-Lokalna-telewizija-wazne-zorlo-300x275.jpg 300w\" sizes=\"auto, (max-width: 524px) 100vw, 524px\" \/><\/figure>\n<\/div>\n\n\n<ul class=\"wp-block-list\">\n<li><a rel=\"noreferrer noopener\" href=\"https:\/\/www.heimat-und-transformation.de\/cms\/wp-content\/uploads\/Seminare-im-Netz-statt-am-Platz.pdf\" target=\"_blank\">Seminare im Netz statt am Platz<\/a>, Serbske Nowiny vom 3. Juni 2020<\/li>\n\n\n\n<li><a rel=\"noreferrer noopener\" href=\"https:\/\/www.heimat-und-transformation.de\/cms\/wp-content\/uploads\/2020-04-24-SN-Lokalna-telewizija-wazne-zorlo.pdf\" target=\"_blank\">Lokalna telewizija wa\u017ene \u017e\u00f3r\u0142o<\/a>, Serbske Nowiny vom 24. April 2020 (deutsche \u00dcbersetzung: Michael Ziesch)<\/li>\n\n\n\n<li><a rel=\"noreferrer noopener\" href=\"https:\/\/www.heimat-und-transformation.de\/cms\/wp-content\/uploads\/2020-04-22-SN-Seminar-pr-ez-internet-deutsche-\u00dcbersetzung.pdf\" target=\"_blank\">Seminar p\u0159ez internet<\/a>, Serbske Nowiny vom 22. April 2020 (deutsche \u00dcbersetzung: Michael Ziesch)<\/li>\n\n\n\n<li>Tag der Archive und das Forschungsprojekt &#8220;Fernsehen von nebenan&#8221;, TV Westsachsen, 11. M\u00e4rz 2020<\/li>\n<\/ul>\n\n\n\n<figure class=\"wp-block-embed is-type-video is-provider-youtube wp-block-embed-youtube wp-embed-aspect-16-9 wp-has-aspect-ratio\"><div class=\"wp-block-embed__wrapper\">\n<iframe loading=\"lazy\" title=\"Vogtlandkreis beteiligt sich zum 10. Mal am Tag der Archive\" width=\"580\" height=\"326\" src=\"https:\/\/www.youtube.com\/embed\/dU9WiB8Iz2c?start=158&#038;feature=oembed\" frameborder=\"0\" allow=\"accelerometer; autoplay; clipboard-write; encrypted-media; gyroscope; picture-in-picture; web-share\" referrerpolicy=\"strict-origin-when-cross-origin\" allowfullscreen><\/iframe>\n<\/div><figcaption class=\"wp-element-caption\">Tag der Archive und das Forschungsprojekt &#8220;Fernsehen von nebenan&#8221;<\/figcaption><\/figure>\n\n\n\n<ul class=\"wp-block-list\">\n<li> Lokalfernsehen als Zeitzeugnis \u2013 Pilotprojekt in Sachsen, Beitrag von Bastian Brandau, Deutschlandfunk: @mediasres \u2013 das       Medienmagazin vom 30. Dezember 2019 <\/li>\n<\/ul>\n\n\n\n<figure class=\"wp-block-audio\"><audio controls src=\"https:\/\/www.heimat-und-transformation.de\/cms\/wp-content\/uploads\/Dlf&#45;&#65;ud&#105;ot&#104;&#101;&#107;-&#64;&#109;ed&#105;a&#115;&#114;&#101;s-&#76;o&#107;a&#108;&#102;er&#110;s&#101;&#104;e&#110;-&#97;&#108;&#115;-&#90;e&#105;&#116;zeu&#103;&#110;is-P&#105;.&#109;p3\"><\/audio><figcaption class=\"wp-element-caption\">Lokalfernsehen als Zeitzeugnis \u2013 Pilotprojekt in Sachsen<\/figcaption><\/figure>\n\n\n\n<ul class=\"wp-block-list\">\n<li><a rel=\"noreferrer noopener\" href=\"https:\/\/www.heimat-und-transformation.de\/cms\/wp-content\/uploads\/Vogtlandanzeiger_22_11_2019_S_4.pdf\" target=\"_blank\">Lokalsender hatten das &#8220;Ohr&#8221; an der Masse<\/a>, Vogtlandanzeiger vom 22. November 2019<\/li>\n\n\n\n<li><a rel=\"noreferrer noopener\" aria-label=\"R\u00fcdiger Steinmetz und Judith Kretzschmar teilen ihre Sch\u00e4tze aus den  Fundgruben der DDR-Fernseharchive (\u00f6ffnet in neuem Tab)\" href=\"https:\/\/twitter.com\/KriKoWi\/status\/1197535759038849024\" target=\"_blank\">R\u00fcdiger Steinmetz und Judith Kretzschmar teilen ihre Sch\u00e4tze aus den  Fundgruben der DDR-Fernseharchive<\/a>, KriKoWi, Twitter vom 21. November 2019 <\/li>\n\n\n\n<li><a href=\"https:\/\/www.heimat-und-transformation.de\/cms\/wp-content\/uploads\/13.11.2019-Freie-Presse-S.10-1.jpg\" target=\"_blank\" rel=\"noreferrer noopener lightbox-3\" aria-label=\"Wissenschaftler \u00f6ffnen Fernseharchiv (\u00f6ffnet in neuem Tab)\">Wissenschaftler \u00f6ffnen Fernseharchiv<\/a>, Freie Presse vom 13. November 2019, S.10<\/li>\n\n\n\n<li><a rel=\"noreferrer noopener\" aria-label=\"Ein Wettlauf gegen die Zeit (\u00f6ffnet in neuem Tab)\" href=\"http:\/\/www.luhze.de\/2019\/11\/07\/ein-wettlauf-gegen-die-zeit\/\" target=\"_blank\">Ein Wettlauf gegen die Zeit<\/a>, luhze &#8211; Leipziger Unabh\u00e4ngige Hochschulzeitung vom 7. November 2019<\/li>\n\n\n\n<li>Lokal-TV der Nachwendezeit &#8211; in Chemnitz neu gesehen: Das Leipziger Institut f\u00fcr Heimat- und Transformationsforschung hat Lokal-TV-Bilder der fr\u00fchen 90er Jahre gesichtet und zeigte sie erneut in Chemnitz, Bericht von Grit Krause, MDR Kultur vom 14. Oktober 2019<\/li>\n<\/ul>\n\n\n\n<figure class=\"wp-block-audio\"><audio controls src=\"https:\/\/www.heimat-und-transformation.de\/cms\/wp-content\/uploads\/MDRKultur_Lokal-TV-der-Nachwendezeit.mp3\"><\/audio><figcaption class=\"wp-element-caption\">Lokal-TV der Nachwendezeit &#8211; in Chemnitz neu gesehen<\/figcaption><\/figure>\n\n\n\n<ul class=\"wp-block-list\">\n<li><a href=\"https:\/\/www.heimat-und-transformation.de\/cms\/wp-content\/uploads\/Freie-Presse-Chemnitzer-Zeitung_11.10.2019_S.12.jpg\" target=\"_blank\" rel=\"noreferrer noopener lightbox-4\" aria-label=\"Fernsehen als Zeitzeuge der 1990er Jahre (\u00f6ffnet in neuem Tab)\">Fernsehen als Zeitzeuge der 1990er Jahre<\/a>, Freie Presse &#8211; Chemnitzer Zeitung vom 11. Oktober 2019, S.12 <\/li>\n\n\n\n<li>Im R\u00fcckspiegel das Lokalfernsehen. Leipziger Wissenschaftler haben das  s\u00e4chsische Lokalfernsehen von 1990 bis 95 unter die Lupe genommen. Was  es uns heute zu sagen hat &#8211; Carsten Tesch im Gespr\u00e4ch mit Judith  Kretzschmar, MDR Kultur vom 10. Oktober 2019 <\/li>\n<\/ul>\n\n\n\n<figure class=\"wp-block-audio\"><audio controls src=\"https:\/\/www.heimat-und-transformation.de\/cms\/wp-content\/uploads\/MDRKultur_Im-R\u00fcckspiegel-das-Lokalfernsehen.mp3\"><\/audio><figcaption class=\"wp-element-caption\">Im R\u00fcckspiegel das Lokalfernsehen<\/figcaption><\/figure>\n\n\n\n<ul class=\"wp-block-list\">\n<li><a rel=\"noreferrer noopener\" href=\"https:\/\/www.heimat-und-transformation.de\/cms\/wp-content\/uploads\/NiederschlesischerKurier28092019.pdf\" target=\"_blank\">Nachahmung 2019 nicht empfohlen&#8230;<\/a>, Niederschlesischer Kurier, Lokalausgabe G\u00f6rlitz vom 28. September 2019, Nr. 39\/27, S. 1<\/li>\n\n\n\n<li>Im Gespr\u00e4ch mit&#8230; Dr. Judith Kretschmar, MEDIEN360G, Mitteldeutscher Rundfunk vom 12. August 2019, Teil 1<\/li>\n\n\n\n<li>Im Gespr\u00e4ch mit&#8230; Dr. Judith Kretschmar, MEDIEN360G, Mitteldeutscher Rundfunk vom 12. August 2019, Teil 2<\/li>\n\n\n\n<li><a rel=\"noreferrer noopener\" href=\"https:\/\/www.flurfunk-dresden.de\/2019\/07\/10\/flurfunk-podcast-25-preis-fuer-freiheit-und-zukunft-der-medien-slm-sommerfest-und-lokalfernsehen-als-audiovisuelles-erbe\" target=\"_blank\">Interview \u201eLokalfernsehen als audiovisuelles Erbe\u201c<\/a>, FLURFUNK-Podcast 25 vom 10. Juli 2019 <\/li>\n\n\n\n<li>Mediensommerfest von SLM und mpc vom 5. Juli 2019<\/li>\n<\/ul>\n","protected":false},"excerpt":{"rendered":"<p>Ver\u00f6ffentlichungen vom LIHT Berichte und Reportagen zur turbulenten Transformation des Mediensystems 1990 auf der Seite \u201eFernsehen und H\u00f6rfunk\u201c der S\u00fcddeutschen Zeitung: Ver\u00f6ffentlichungen \u00fcber das LIHT<\/p>\n","protected":false},"author":1,"featured_media":0,"parent":0,"menu_order":0,"comment_status":"closed","ping_status":"closed","template":"template-full-width.php","meta":{"footnotes":""},"class_list":["post-15","page","type-page","status-publish","has-post-thumbnail","hentry"],"translation":{"provider":"WPGlobus","version":"3.0.2","language":"en","enabled_languages":["de","en"],"languages":{"de":{"title":true,"content":true,"excerpt":false},"en":{"title":false,"content":false,"excerpt":false}}},"_links":{"self":[{"href":"https:\/\/www.heimat-und-transformation.de\/en\/wp-json\/wp\/v2\/pages\/15","targetHints":{"allow":["GET"]}}],"collection":[{"href":"https:\/\/www.heimat-und-transformation.de\/en\/wp-json\/wp\/v2\/pages"}],"about":[{"href":"https:\/\/www.heimat-und-transformation.de\/en\/wp-json\/wp\/v2\/types\/page"}],"author":[{"embeddable":true,"href":"https:\/\/www.heimat-und-transformation.de\/en\/wp-json\/wp\/v2\/users\/1"}],"replies":[{"embeddable":true,"href":"https:\/\/www.heimat-und-transformation.de\/en\/wp-json\/wp\/v2\/comments?post=15"}],"version-history":[{"count":45,"href":"https:\/\/www.heimat-und-transformation.de\/en\/wp-json\/wp\/v2\/pages\/15\/revisions"}],"predecessor-version":[{"id":812,"href":"https:\/\/www.heimat-und-transformation.de\/en\/wp-json\/wp\/v2\/pages\/15\/revisions\/812"}],"wp:attachment":[{"href":"https:\/\/www.heimat-und-transformation.de\/en\/wp-json\/wp\/v2\/media?parent=15"}],"curies":[{"name":"wp","href":"https:\/\/api.w.org\/{rel}","templated":true}]}}