{"id":19,"date":"2019-08-22T08:30:40","date_gmt":"2019-08-22T06:30:40","guid":{"rendered":"https:\/\/www.heimat-und-transformation.de\/cms\/?page_id=19"},"modified":"2020-04-10T16:48:18","modified_gmt":"2020-04-10T14:48:18","slug":"impressum","status":"publish","type":"page","link":"https:\/\/www.heimat-und-transformation.de\/en\/impressum\/","title":{"rendered":"Kontakt\/Impressum"},"content":{"rendered":"\n<p><strong>Leipziger Institut f\u00fcr Heimat- und Transformationsforschung (LIHT)<\/strong><br>Prof. em. Dr. phil. habil. R\u00fcdiger Steinmetz<br>Dr. phil. Judith Kretzschmar<\/p>\n\n\n\n<p><a href=\"javascript:secureDecryptAndNavigate('c1tYJMH4NTnIRg\/3sWXT+Q4Pb44NIRcJ13znfMYCBPGSv24eAXYKZGsuVdTXbYFKn8uRoxRKMHGJcf1knizYe6pKyS98o\/mqp0KxhhxBv6HPh+gNXKquPw==', '69c00e9959840fa54ab48dd52bdcdc0c52ea3f341e1ddbe3fdf60332a1fae9ab')\">in&#102;&#111;&#64;&#104;&#101;ima&#116;&#45;u&#110;&#100;-&#116;ran&#115;f&#111;&#114;&#109;a&#116;i&#111;&#110;&#46;d&#101;<\/a><\/p>\n\n\n\n<p><em>schriftliche Anfragen an:<\/em><br>Universit\u00e4t Leipzig<br>Prof. em. Dr. R\u00fcdiger Steinmetz\/Dr. Judith Kretzschmar<br>Institut f\u00fcr Kommunikations- und Medienwissenschaft<br>Nikolaistr. 27-29<br>04109 Leipzig <\/p>\n\n\n\n<hr class=\"wp-block-separator is-style-default\"\/>\n\n\n\n<p>\u00a9  Leipziger Institut f\u00fcr Heimat- und Transformationsforschung (LIHT), soweit nicht anders angegeben<br>Karte auf der Startseite:  \u00a9 <a rel=\"noreferrer noopener\" aria-label=\"OpenStreetMap-Mitwirkende (\u00f6ffnet in neuem Tab)\" href=\"https:\/\/www.openstreetmap.org\/copyright\" target=\"_blank\">OpenStreetMap-Mitwirkende<\/a> <\/p>\n\n\n\n<p><strong>Alle Inhalte dieser Website sind urheberrechtlich gesch\u00fctzt und d\u00fcrfen ohne Genehmigung seitens des LIHT nicht verwendet  werden.<\/strong><\/p>\n\n\n\n<p>Das gleiche gilt f\u00fcr die Vervielf\u00e4ltigung per Kopie, die Aufnahme in \nelektronische Datenbanken und f\u00fcr die Vervielf\u00e4ltigung auf anderen \nelektronischen Speichermedien. Alle genannten Firmen-, Produkt- und \nMarkenbezeichnungen sind Eigentum der jeweiligen Inhaber und in der \nRegel marken-, patent- oder gebrauchsmusterrechtlich gesch\u00fctzt.<\/p>\n\n\n\n<p>Trotz sorgf\u00e4ltiger inhaltlicher Kontrolle \u00fcbernehmen wir keine Haftung f\u00fcr die Inhalte externer Links. F\u00fcr den Inhalt der verlinkten  Seiten sind ausschlie\u00dflich deren Betreiber verantwortlich.<\/p>\n\n\n\n<hr class=\"wp-block-separator\"\/>\n\n\n\n<h3 class=\"wp-block-heading\">Datenschutzerkl\u00e4rung<\/h3>\n\n\n\n<p>Personenbezogene Daten (nachfolgend zumeist nur \u201eDaten\u201c genannt)  werden von uns nur im Rahmen der Erforderlichkeit sowie zum Zwecke der Bereitstellung eines funktionsf\u00e4higen und nutzerfreundlichen  Internetauftritts, inklusive seiner Inhalte und der dort angebotenen  Leistungen, verarbeitet.<\/p>\n\n\n\n<p>Mit der nachfolgenden Datenschutzerkl\u00e4rung informieren wir Sie  insbesondere \u00fcber Art, Umfang, Zweck, Dauer und Rechtsgrundlage der  Verarbeitung personenbezogener Daten. Wir bitten Sie, sich regelm\u00e4\u00dfig \u00fcber den Inhalt unserer Datenschutzerkl\u00e4rung zu informieren. Wir passen die Datenschutzerkl\u00e4rung an, sobald die \u00c4nderungen der von uns durchgef\u00fchrten Datenverarbeitungen dies erforderlich machen.<\/p>\n\n\n\n<p>Ihre bei Nutzung unseres Internetauftritts verarbeiteten Daten werden  gel\u00f6scht oder gesperrt, sobald der Zweck der Speicherung entf\u00e4llt, der  L\u00f6schung der Daten keine gesetzlichen Aufbewahrungspflichten  entgegenstehen und nachfolgend keine anderslautenden Angaben zu  einzelnen Verarbeitungsverfahren gemacht werden.<\/p>\n\n\n\n<h4 class=\"wp-block-heading\">Sicherheitsma\u00dfnahmen<\/h4>\n\n\n\n<p>Wir treffen nach Ma\u00dfgabe der gesetzlichen Vorgaben unter  Ber\u00fccksichtigung des Stands der Technik, der Implementierungskosten und der Art, des Umfangs, der Umst\u00e4nde und der Zwecke der Verarbeitung sowie der unterschiedlichen Eintrittswahrscheinlichkeit und Schwere des Risikos f\u00fcr die Rechte und Freiheiten nat\u00fcrlicher Personen, geeignete technische und organisatorische Ma\u00dfnahmen, um ein dem Risiko angemessenes Schutzniveau zu gew\u00e4hrleisten.<\/p>\n\n\n\n<p>Zu den Ma\u00dfnahmen geh\u00f6ren insbesondere die Sicherung der  Vertraulichkeit, Integrit\u00e4t und Verf\u00fcgbarkeit von Daten durch Kontrolle des physischen Zugangs zu den Daten, als auch des sie betreffenden  Zugriffs, der Eingabe, Weitergabe, der Sicherung der Verf\u00fcgbarkeit und  ihrer Trennung. Des Weiteren haben wir Verfahren eingerichtet, die eine  Wahrnehmung von Betroffenenrechten, L\u00f6schung von Daten und Reaktion auf Gef\u00e4hrdung der Daten gew\u00e4hrleisten. Ferner ber\u00fccksichtigen wir den Schutz personenbezogener Daten bereits bei der Entwicklung, bzw. Auswahl von Hardware, Software sowie Verfahren, entsprechend dem Prinzip des Datenschutzes durch Technikgestaltung und durch datenschutzfreundliche Voreinstellungen.<\/p>\n\n\n\n<h4 class=\"wp-block-heading\">Serverdaten<\/h4>\n\n\n\n<p>Aus technischen Gr\u00fcnden, insbesondere zur Gew\u00e4hrleistung eines  sicheren und stabilen Internetauftritts, werden Daten durch Ihren Internet-Browser an uns bzw. an unseren Webspace-Provider \u00fcbermittelt. Mit diesen sog. Server-Logfiles werden u. a. Typ und Version Ihres Internetbrowsers, das Betriebssystem, die URL, von der aus Sie auf unseren Internetauftritt gewechselt haben, die URL unseres Internetauftritts, die Sie besuchen, Datum und Uhrzeit des jeweiligen Zugriffs sowie die IP-Adresse des Internetanschlusses, von dem aus die Nutzung unseres Internetauftritts erfolgt, erhoben.<\/p>\n\n\n\n<p>Diese so erhobenen Daten werden vor\u00fcbergehend gespeichert, jedoch  nicht gemeinsam mit anderen Daten von Ihnen. Diese Speicherung erfolgt auf der Rechtsgrundlage von Art. 6 Abs. 1 lit. f DSGVO. Unser  berechtigtes Interesse liegt in der Verbesserung, Stabilit\u00e4t, Funktionalit\u00e4t und Sicherheit unseres Internetauftritts.<\/p>\n\n\n\n<p>Die Daten werden sp\u00e4testens nach sieben Tage wieder gel\u00f6scht, soweit \nkeine weitere Aufbewahrung zu Beweiszwecken erforderlich ist. \nAndernfalls sind die Daten bis zur endg\u00fcltigen Kl\u00e4rung eines Vorfalls \nganz oder teilweise von der L\u00f6schung ausgenommen.<\/p>\n\n\n\n<h4 class=\"wp-block-heading\">Cookies<\/h4>\n\n\n\n<p>Unsere Seite nutzt ein Content-Management-System,  das den Einsatz von technisch bedingten Cookies erfordert (Session-Cookies). Dar\u00fcber hinaus verwenden wir Cookies, um Ihren Besuch auf unserer Website zu analysieren (Tracking-Cookies). Wir informieren Sie \u00fcber diese Nutzung in einem Informationsbanner, in dem Sie der Nutzung von Tracking-Cookies zustimmen oder die Nutzung ablehnen k\u00f6nnen.  Das Banner erscheint nicht mehr, wenn Sie eine Auswahl getroffen haben. Rechtsgrundlage der Verarbeitung von Session-Cookies ist Art. 6 Abs. 1 lit. f DSGVO, Rechtsgrundlage der Verarbeitung von Tracking-Cookies ist Art. 6 Abs. 1 lit. b DSGVO.<\/p>\n\n\n\n<p>Durch eine \u00c4nderung der Einstellungen in Ihrem Internetbrowser k\u00f6nnen  Sie die Speicherung von Cookies jederzeit deaktivieren oder  einschr\u00e4nken oder bereits gespeicherte Cookies l\u00f6schen. Werden Cookies f\u00fcr unsere Website deaktiviert, k\u00f6nnen m\u00f6glicherweise nicht mehr alle Funktionen der Website vollumf\u00e4nglich genutzt werden.<\/p>\n\n\n\n<h4 class=\"wp-block-heading\">Kontaktm\u00f6glichkeit<\/h4>\n\n\n\n<p>Sofern Sie per Kontaktformular oder E-Mail mit uns in Kontakt treten,  werden die dabei von Ihnen angegebenen Daten zur Bearbeitung Ihrer  Anfrage entsprechend Art. 6 Abs. 1 lit. b DSGVO genutzt. Die Angabe der Daten ist zur Bearbeitung und Beantwortung Ihre Anfrage erforderlich. Ohne deren Bereitstellung k\u00f6nnen wir Ihre Anfrage nicht oder allenfalls eingeschr\u00e4nkt beantworten.<\/p>\n\n\n\n<p>Ihre Daten werden gel\u00f6scht, sofern Ihre Anfrage abschlie\u00dfend  beantwortet worden ist und der L\u00f6schung keine gesetzlichen  Aufbewahrungspflichten entgegenstehen.<\/p>\n\n\n\n<h4 class=\"wp-block-heading\">Webanalyse<\/h4>\n\n\n\n<p>Wir nutzen auf unserer Website das Plugin Slimstat Analytics zur Analyse der Nutzung unserer Website. Werden Einzelseiten unserer Website aufgerufen, so werden folgende Daten gespeichert: zwei Bytes der IP-Adresse des aufrufenden Systems des Nutzers, Datum und Uhrzeit des  Aufrufs,die jeweils aufgerufene Webseite, die Referrer-URL, die Verweildauer auf der Webseite sowie Informationen \u00fcber den Browsertyp, -sprache, die verwendete Version und das Betriebssystem.<\/p>\n\n\n\n<p>Die Software l\u00e4uft dabei ausschlie\u00dflich auf dem Server unserer  Webseite. Eine Speicherung der Analyse-Daten der Nutzer findet nur dort statt. Die Software ist so konfiguriert, dass die IP-Adressen nicht  vollst\u00e4ndig gespeichert werden, sondern 2 Bytes der IP-Adresse gel\u00f6scht werden (Bsp.: 192.168.X.X). Auf diese Weise ist eine Zuordnung der Daten zu einer bestimmten Person nicht mehr m\u00f6glich.<\/p>\n\n\n\n<p>Die Verarbeitung der Daten erm\u00f6glicht uns eine Analyse der  Websitenutzung. Wir sind in durch die Auswertung der gewonnen Daten in  der Lage, Informationen \u00fcber die Nutzung der einzelnen Komponenten unserer Webseite zusammenzustellen. Die Daten werden gel\u00f6scht, sobald sie f\u00fcr unsere Analysezwecke nicht mehr ben\u00f6tigt werden.<\/p>\n\n\n\n<h4 class=\"wp-block-heading\">Einbindung von Diensten und Inhalten Dritter<\/h4>\n\n\n\n<p>Wir setzen innerhalb unseres Onlineangebotes auf Grundlage unserer  berechtigten Interessen (d. h. Interesse an der Analyse, Optimierung und  wirtschaftlichem Betrieb unseres Onlineangebotes im Sinne des Art. 6  Abs. 1 lit. f DSGVO) Inhalts- oder Serviceangebote von Drittanbietern  ein, um deren Inhalte und Services, wie z. B. Videos oder Schriftarten  einzubinden (nachfolgend einheitlich bezeichnet als \u201cInhalte\u201d).<\/p>\n\n\n\n<p>Dies setzt immer voraus, dass die Drittanbieter dieser Inhalte die IP-Adresse der Nutzer erhalten, da sie ohne die IP-Adresse die Inhalte  nicht an deren Browser senden k\u00f6nnten. Die IP-Adresse ist damit f\u00fcr die  Darstellung dieser Inhalte erforderlich. Wir bem\u00fchen uns nur solche  Inhalte zu verwenden, deren jeweilige Anbieter die IP-Adresse lediglich  zur Auslieferung der Inhalte verwenden. Drittanbieter k\u00f6nnen ferner so  genannte Pixel-Tags (unsichtbare Grafiken, auch als \u201eWeb Beacons\u201c  bezeichnet) f\u00fcr statistische Zwecke oder Marketingzwecke verwenden. Durch die \u201ePixel-Tags\u201c k\u00f6nnen Informationen, wie der Besucherverkehr auf den Seiten dieser Website ausgewertet werden. Die pseudonymen Informationen k\u00f6nnen ferner in Cookies auf dem Ger\u00e4t der Nutzer gespeichert werden und unter anderem technische Informationen zum Browser und Betriebssystem, verweisende Webseiten, Besuchszeit sowie weitere Angaben zur Nutzung unseres Onlineangebotes enthalten, als auch mit solchen Informationen aus anderen Quellen verbunden werden.<\/p>\n\n\n\n<p>Wir binden die Schriftarten (\u201eGoogle Fonts\u201c) des Anbieters Google \nLLC, 1600 Amphitheatre Parkway, Mountain View, CA 94043, USA, ein.<\/p>\n\n\n\n<h4 class=\"wp-block-heading\">Rechte der Nutzer und Betroffenen<\/h4>\n\n\n\n<p>Nutzer und Betroffenen haben das Recht<\/p>\n\n\n\n<ul class=\"wp-block-list\"><li>auf Best\u00e4tigung, ob sie betreffende Daten verarbeitet werden, auf  Auskunft \u00fcber die verarbeiteten Daten, auf weitere Informationen \u00fcber die Datenverarbeitung sowie auf Kopien der Daten (Art. 15  DSGVO);<\/li><li>auf Berichtigung oder Vervollst\u00e4ndigung unrichtiger bzw. unvollst\u00e4ndiger Daten (Art. 16 DSGVO);<\/li><li>auf unverz\u00fcgliche L\u00f6schung der sie betreffenden Daten (Art. 17 DSGVO), oder, alternativ, soweit eine weitere Verarbeitung gem\u00e4\u00df  Art. 17 Abs. 3 DSGVO erforderlich ist, auf Einschr\u00e4nkung der  Verarbeitung nach Ma\u00dfgabe von Art. 18 DSGVO;<\/li><li>auf Erhalt der sie betreffenden und von ihnen bereitgestellten Daten  und auf \u00dcbermittlung dieser Daten an andere Anbieter\/Verantwortliche (Art. 20 DSGVO);<\/li><li>auf Beschwerde gegen\u00fcber der Aufsichtsbeh\u00f6rde, sofern sie der  Ansicht sind, dass die sie betreffenden Daten durch den Anbieter unter  Versto\u00df gegen datenschutzrechtliche Bestimmungen verarbeitet werden (Art. 77 DSGVO).<\/li><\/ul>\n\n\n\n<p>Dar\u00fcber hinaus ist der Anbieter dazu verpflichtet, alle Empf\u00e4nger,  denen gegen\u00fcber Daten durch den Anbieter offengelegt worden sind, \u00fcber jedwede Berichtigung oder L\u00f6schung von Daten oder die Einschr\u00e4nkung der Verarbeitung, die aufgrund der Artikel 16, 17 Abs. 1, 18 DSGVO erfolgt, zu unterrichten. Diese Verpflichtung besteht jedoch nicht, soweit diese  Mitteilung unm\u00f6glich oder mit einem unverh\u00e4ltnism\u00e4\u00dfigen Aufwand verbunden ist. Unbeschadet dessen hat der Nutzer ein Recht auf Auskunft \u00fcber diese Empf\u00e4nger.<\/p>\n\n\n\n<p>Ebenfalls haben die Nutzer und Betroffenen nach Art. 21 DSGVO das Recht auf Widerspruch gegen die k\u00fcnftige Verarbeitung der sie  betreffenden Daten, sofern die Daten durch den Anbieter nach Ma\u00dfgabe von Art. 6 Abs. 1 lit. f DSGVO verarbeitet werden. Insbesondere ist ein Widerspruch gegen die Datenverarbeitung zum Zwecke der Direktwerbung statthaft.<\/p>\n","protected":false},"excerpt":{"rendered":"<p>Leipziger Institut f\u00fcr Heimat- und Transformationsforschung (LIHT)Prof. em. Dr. phil. habil. R\u00fcdiger SteinmetzDr. phil. Judith Kretzschmar i&#110;f&#111;&#64;h&#101;&#105;ma&#116;&#45;&#117;&#110;d&#45;t&#114;&#97;&#110;&#115;fo&#114;m&#97;&#116;i&#111;n&#46;d&#101; schriftliche Anfragen an:Universit\u00e4t LeipzigProf. em. Dr. R\u00fcdiger Steinmetz\/Dr. Judith KretzschmarInstitut f\u00fcr&hellip;<\/p>\n","protected":false},"author":1,"featured_media":0,"parent":0,"menu_order":0,"comment_status":"closed","ping_status":"closed","template":"template-full-width.php","meta":{"footnotes":""},"class_list":["post-19","page","type-page","status-publish","has-post-thumbnail","hentry"],"translation":{"provider":"WPGlobus","version":"3.0.2","language":"en","enabled_languages":["de","en"],"languages":{"de":{"title":true,"content":true,"excerpt":false},"en":{"title":false,"content":false,"excerpt":false}}},"_links":{"self":[{"href":"https:\/\/www.heimat-und-transformation.de\/en\/wp-json\/wp\/v2\/pages\/19","targetHints":{"allow":["GET"]}}],"collection":[{"href":"https:\/\/www.heimat-und-transformation.de\/en\/wp-json\/wp\/v2\/pages"}],"about":[{"href":"https:\/\/www.heimat-und-transformation.de\/en\/wp-json\/wp\/v2\/types\/page"}],"author":[{"embeddable":true,"href":"https:\/\/www.heimat-und-transformation.de\/en\/wp-json\/wp\/v2\/users\/1"}],"replies":[{"embeddable":true,"href":"https:\/\/www.heimat-und-transformation.de\/en\/wp-json\/wp\/v2\/comments?post=19"}],"version-history":[{"count":9,"href":"https:\/\/www.heimat-und-transformation.de\/en\/wp-json\/wp\/v2\/pages\/19\/revisions"}],"predecessor-version":[{"id":354,"href":"https:\/\/www.heimat-und-transformation.de\/en\/wp-json\/wp\/v2\/pages\/19\/revisions\/354"}],"wp:attachment":[{"href":"https:\/\/www.heimat-und-transformation.de\/en\/wp-json\/wp\/v2\/media?parent=19"}],"curies":[{"name":"wp","href":"https:\/\/api.w.org\/{rel}","templated":true}]}}