{"id":774,"date":"2024-01-11T21:13:09","date_gmt":"2024-01-11T20:13:09","guid":{"rendered":"https:\/\/www.heimat-und-transformation.de\/?page_id=774"},"modified":"2024-11-06T12:50:28","modified_gmt":"2024-11-06T11:50:28","slug":"evaluierung-herbst-1989-in-leipzig","status":"publish","type":"page","link":"https:\/\/www.heimat-und-transformation.de\/en\/forschungsprojekte\/evaluierung-herbst-1989-in-leipzig\/","title":{"rendered":"Evaluierung der Institutionen und Ma\u00dfnahmen zur Erinnerung an die Friedliche Revolution vom Herbst 1989 in Leipzig"},"content":{"rendered":"\n<p>Leipzig als zentraler Ort der Friedlichen Revolution von 1989 gedenkt der damit verbundenen, umfassenden Transformation am Ende des 20. Jahrhunderts mit einer Vielzahl von Veranstaltungen, in etlichen Institutionen sowie Vereinen und auf der Basis der Erinnerungen einer gro\u00dfen Anzahl an Zeitzeug:innen. Der einschneidende Umbruch von 1989 ist markiert durch die historischen Daten des 9. Oktober und des 9. November, der bis heute noch lange nicht abgeschlossen ist.<\/p>\n\n\n\n<p>In dem Forschungsprojekt fand eine <strong>umfassende Evaluierung der in Leipzig zur Erinnerung an die Friedliche Revolution vom Herbst 1989 bestehenden Formate<\/strong> (sowie ihre Vorgeschichte) statt. Der Fokus lag zum einen auf dem Leipziger Lichtfest als st\u00e4dtischem Gedenktag, welches j\u00e4hrlich von der Stadt Leipzig gemeinsam mit weiteren Akteuren am 9. Oktober organisiert wird. Zum anderen wurden weitere regelm\u00e4\u00dfige Veranstaltungen und dauerhafte Einrichtungen des Gedenkens an den Herbst 1989 betrachtet.<\/p>\n\n\n\n<p>Im Anschluss an die Erhebung und Analyse wurden Vorschl\u00e4ge aktualit\u00e4ts- und zukunftsbezogener Angebote abgeleitet, die in ein langfristiges Konzept f\u00fcr die lebendige Auseinandersetzung mit der Friedlichen Revolution von 1989 in Leipzig eingehen sollen.<\/p>\n\n\n\n<p>Am 29. Oktober 2024 hat Oberb\u00fcrgermeister Burkhard Jung die Studie <a href=\"https:\/\/www.leipzig.de\/newsarchiv\/news\/erfahrungen-aus-herbst-89-zur-loesung-aktueller-probleme-nutzen\" target=\"_blank\" rel=\"noreferrer noopener\">\u201eZur Evaluierung der Institutionen und Ma\u00dfnahmen zur Erinnerung an die Friedliche Revolution\u201c<\/a> vom Forscherteam entgegengenommen. Darauf basierend wird ein langfristiges Konzept zur k\u00fcnftigen Auseinandersetzung mit der Friedlichen Revolution erarbeitet werden.<\/p>\n\n\n\n<figure class=\"wp-block-image size-large\"><img loading=\"lazy\" decoding=\"async\" width=\"988\" height=\"556\" src=\"https:\/\/www.heimat-und-transformation.de\/cms\/wp-content\/uploads\/1-1-edited.jpg\" alt=\"\" class=\"wp-image-795\" srcset=\"https:\/\/www.heimat-und-transformation.de\/cms\/wp-content\/uploads\/1-1-edited.jpg 988w, https:\/\/www.heimat-und-transformation.de\/cms\/wp-content\/uploads\/1-1-edited-300x169.jpg 300w, https:\/\/www.heimat-und-transformation.de\/cms\/wp-content\/uploads\/1-1-edited-768x432.jpg 768w, https:\/\/www.heimat-und-transformation.de\/cms\/wp-content\/uploads\/1-1-edited-540x304.jpg 540w\" sizes=\"auto, (max-width: 988px) 100vw, 988px\" \/><figcaption class=\"wp-element-caption\"><br>V. l. n. r.: Mike Mei\u00dfner, Prof. em. Dr. R\u00fcdiger Steinmetz, Dr. Judith Kretzschmar, Oberb\u00fcrgermeister Burkhard Jung und Prof. Dr. Detlev Brunner. Es fehlen: Prof. Dr. Dirk van Laak und Lisa Weck. \u00a9 Dr. Sebastian Fink<\/figcaption><\/figure>\n\n\n\n<h2 class=\"wp-block-heading\">Projektmitarbeiter:innen<\/h2>\n\n\n<div class=\"wp-block-image\">\n<figure class=\"alignleft size-medium\"><img loading=\"lazy\" decoding=\"async\" width=\"236\" height=\"300\" src=\"https:\/\/www.heimat-und-transformation.de\/cms\/wp-content\/uploads\/LW-236x300.jpg\" alt=\"\" class=\"wp-image-777\" srcset=\"https:\/\/www.heimat-und-transformation.de\/cms\/wp-content\/uploads\/LW-236x300.jpg 236w, https:\/\/www.heimat-und-transformation.de\/cms\/wp-content\/uploads\/LW-805x1024.jpg 805w, https:\/\/www.heimat-und-transformation.de\/cms\/wp-content\/uploads\/LW-768x977.jpg 768w, https:\/\/www.heimat-und-transformation.de\/cms\/wp-content\/uploads\/LW-1207x1536.jpg 1207w, https:\/\/www.heimat-und-transformation.de\/cms\/wp-content\/uploads\/LW-1610x2048.jpg 1610w, https:\/\/www.heimat-und-transformation.de\/cms\/wp-content\/uploads\/LW-540x687.jpg 540w, https:\/\/www.heimat-und-transformation.de\/cms\/wp-content\/uploads\/LW-1080x1374.jpg 1080w, https:\/\/www.heimat-und-transformation.de\/cms\/wp-content\/uploads\/LW-1980x2519.jpg 1980w, https:\/\/www.heimat-und-transformation.de\/cms\/wp-content\/uploads\/LW-scaled.jpg 2012w\" sizes=\"auto, (max-width: 236px) 100vw, 236px\" \/><\/figure>\n<\/div>\n\n<div class=\"wp-block-image\">\n<figure class=\"alignleft size-medium\"><img loading=\"lazy\" decoding=\"async\" width=\"237\" height=\"300\" src=\"https:\/\/www.heimat-und-transformation.de\/cms\/wp-content\/uploads\/Passfoto_Mike.Meissner-1-237x300.jpg\" alt=\"\" class=\"wp-image-778\" srcset=\"https:\/\/www.heimat-und-transformation.de\/cms\/wp-content\/uploads\/Passfoto_Mike.Meissner-1-237x300.jpg 237w, https:\/\/www.heimat-und-transformation.de\/cms\/wp-content\/uploads\/Passfoto_Mike.Meissner-1.jpg 272w\" sizes=\"auto, (max-width: 237px) 100vw, 237px\" \/><\/figure>\n<\/div>\n\n\n<p><strong>Lisa Weck<\/strong> hat Museologie in Leipzig und Geschichte in Halle studiert. Anschlie\u00dfend war sie in einem von der DFG-gef\u00f6rderten Forschungsprojekt zur deutsch-j\u00fcdischen K\u00fcnstlerin Lea Grundig (1906-1977) an der Universit\u00e4t Halle besch\u00e4ftigt. Seit 2023 ist sie Bearbeiterin des von der Stadt Leipzig gef\u00f6rderten Forschungsprojekts zur Friedlichen Revolution 1989. Ihre parallellaufende Promotion tr\u00e4gt den Titel \u201eIn Klitschen arbeiten. Eine Erfahrungsgeschichte der Arbeitswelt privater Kleinbetriebe in den langen 1980er Jahren in Leipzig\u201c.<\/p>\n\n\n\n<p><strong>Mike Mei\u00dfner<\/strong> hat Kommunikations- und Medienwissenschaft an der Universit\u00e4t Leipzig studiert und mit einer kommunikationshistorischen Arbeit \u00fcber den \u201eVerein Arbeiterpresse\u201c abgeschlossen. Nach dem Studium war er als wissenschaftlicher Mitarbeiter an der Universit\u00e9 de Fribourg \/ Universit\u00e4t Freiburg und der FernUni Schweiz t\u00e4tig. Seit 2017 regelm\u00e4\u00dfiger Co-Herausgeber des \u201eOffenen Heftes\u201c der Fachzeitschrift <em>medien &amp; zeit<\/em>.<\/p>\n\n\n\n<p>Unterst\u00fctzt wurde das Projekt von zwei studentischen Hilfskr\u00e4ften: <strong>Friederike Urban<\/strong> und <strong>Melanie Weinreich<\/strong>.<\/p>\n\n\n\n<p><a href=\"https:\/\/www.heimat-und-transformation.de\/forschungsprojekte\/\">Zur\u00fcck<\/a><\/p>\n","protected":false},"excerpt":{"rendered":"<p>Leipzig als zentraler Ort der Friedlichen Revolution von 1989 gedenkt der damit verbundenen, umfassenden Transformation am Ende des 20. Jahrhunderts mit einer Vielzahl von Veranstaltungen, in etlichen Institutionen&hellip;<\/p>\n","protected":false},"author":1,"featured_media":0,"parent":87,"menu_order":0,"comment_status":"closed","ping_status":"closed","template":"template-full-width.php","meta":{"footnotes":""},"class_list":["post-774","page","type-page","status-publish","has-post-thumbnail","hentry"],"translation":{"provider":"WPGlobus","version":"3.0.2","language":"en","enabled_languages":["de","en"],"languages":{"de":{"title":true,"content":true,"excerpt":false},"en":{"title":false,"content":false,"excerpt":false}}},"_links":{"self":[{"href":"https:\/\/www.heimat-und-transformation.de\/en\/wp-json\/wp\/v2\/pages\/774","targetHints":{"allow":["GET"]}}],"collection":[{"href":"https:\/\/www.heimat-und-transformation.de\/en\/wp-json\/wp\/v2\/pages"}],"about":[{"href":"https:\/\/www.heimat-und-transformation.de\/en\/wp-json\/wp\/v2\/types\/page"}],"author":[{"embeddable":true,"href":"https:\/\/www.heimat-und-transformation.de\/en\/wp-json\/wp\/v2\/users\/1"}],"replies":[{"embeddable":true,"href":"https:\/\/www.heimat-und-transformation.de\/en\/wp-json\/wp\/v2\/comments?post=774"}],"version-history":[{"count":8,"href":"https:\/\/www.heimat-und-transformation.de\/en\/wp-json\/wp\/v2\/pages\/774\/revisions"}],"predecessor-version":[{"id":802,"href":"https:\/\/www.heimat-und-transformation.de\/en\/wp-json\/wp\/v2\/pages\/774\/revisions\/802"}],"up":[{"embeddable":true,"href":"https:\/\/www.heimat-und-transformation.de\/en\/wp-json\/wp\/v2\/pages\/87"}],"wp:attachment":[{"href":"https:\/\/www.heimat-und-transformation.de\/en\/wp-json\/wp\/v2\/media?parent=774"}],"curies":[{"name":"wp","href":"https:\/\/api.w.org\/{rel}","templated":true}]}}