{"id":813,"date":"2025-07-31T13:29:12","date_gmt":"2025-07-31T11:29:12","guid":{"rendered":"https:\/\/www.heimat-und-transformation.de\/?page_id=813"},"modified":"2025-07-31T13:29:12","modified_gmt":"2025-07-31T11:29:12","slug":"abbruch-umbruch-aufbruch","status":"publish","type":"page","link":"https:\/\/www.heimat-und-transformation.de\/en\/abbruch-umbruch-aufbruch\/","title":{"rendered":"&#8220;Abbruch \u2013 Umbruch \u2013 Aufbruch&#8221;"},"content":{"rendered":"\n<p><strong>D 2025, 90 Min.<\/strong><\/p>\n\n\n\n<p><strong>Film von Judith Kretzschmar und R\u00fcdiger Steinmetz (Produktion, Schnitt). Musik: Tilo Augsten. <\/strong><em>Mit engl. Untertiteln<\/em>.<\/p>\n\n\n\n<figure class=\"wp-block-video\"><video height=\"720\" style=\"aspect-ratio: 980 \/ 720;\" width=\"980\" controls poster=\"https:\/\/www.heimat-und-transformation.de\/cms\/wp-content\/uploads\/abbruch.png\" src=\"https:\/\/www.heimat-und-transformation.de\/cms\/wp-content\/uploads\/Trailer.mp4\" playsinline><\/video><\/figure>\n\n\n\n<p>Von 1989\/90 bis 1994, vor 30 bis 35 Jahren, begann die Vereinigung der beiden deutschen Staaten. Die in dieser Zeit neu entstehenden s\u00e4chsischen Lokalfernsehprogramme stellen \u2013 mit dem &#8220;Blick von der Basis&#8221; aus \u2013 einzigartige Quellen f\u00fcr das kulturelle Ged\u00e4chtnis und einen der wichtigsten historischen Einschnitte im 20. Jahrhundert dar. So nahe wie kein anderes Medium kam das Lokalfernsehen an die Menschen in Ostdeutschland heran, die diesen Umbruch im Zeitraffer erlebten. Die Macher der Programme in Stadt und Land machten alle H\u00f6hen und Tiefen im Zeitraffer mit, die ihre Mitb\u00fcrger*innen erfuhren. Dies bilden die Videos der fr\u00fchesten Vereinigungsjahre authentisch ab, und sie lassen uns den Umbruch heute noch einmal erleben. <\/p>\n\n\n\n<p>Der Film zeigt in seinen Schwerpunkten so nie gesehene Szenen aus der ersten und intensivsten Phase der Transformation: vom Mauerfall (9.11.1989) und den t\u00e4glichen Ver\u00e4nderungen des Lebens, den ersten freien Wahlen am 18.3.1990, dem neuen Parlamentarismus im Lernmodus, vom Reisen und der W\u00e4hrungsunion am 1. Juli 1990, neuem Leben mit der D-Mark bis hin zu Erfahrungen und Perspektiven von Jugendlichen und K\u00fcnstlern sowie Betriebsschlie\u00dfungen, Arbeitslosigkeit, Pleiten, Asylsuchenden und West-Investoren.<\/p>\n\n\n\n<p><strong>Zielgruppen<\/strong>, die jeweils eigene Zug\u00e4nge und Erfahrungen haben: Vor-\u201eWende\u201c-Generation, \u201eWende\u201c-Generation (vollj\u00e4hrig 1989), Nach-\u201eWende\u201c-Generation.<\/p>\n\n\n\n<p>Bei <strong>Interesse <\/strong>schreiben Sie uns gerne <a href=\"https:\/\/www.heimat-und-transformation.de\/impressum\/\" data-type=\"page\" data-id=\"19\">eine E-Mail<\/a>.<\/p>\n","protected":false},"excerpt":{"rendered":"<p>D 2025, 90 Min. Film von Judith Kretzschmar und R\u00fcdiger Steinmetz (Produktion, Schnitt). Musik: Tilo Augsten. Mit engl. Untertiteln. Von 1989\/90 bis 1994, vor 30 bis 35 Jahren,&hellip;<\/p>\n","protected":false},"author":1,"featured_media":0,"parent":0,"menu_order":0,"comment_status":"closed","ping_status":"closed","template":"template-full-width.php","meta":{"footnotes":""},"class_list":["post-813","page","type-page","status-publish","has-post-thumbnail","hentry"],"translation":{"provider":"WPGlobus","version":"3.0.2","language":"en","enabled_languages":["de","en"],"languages":{"de":{"title":true,"content":true,"excerpt":false},"en":{"title":false,"content":false,"excerpt":false}}},"_links":{"self":[{"href":"https:\/\/www.heimat-und-transformation.de\/en\/wp-json\/wp\/v2\/pages\/813","targetHints":{"allow":["GET"]}}],"collection":[{"href":"https:\/\/www.heimat-und-transformation.de\/en\/wp-json\/wp\/v2\/pages"}],"about":[{"href":"https:\/\/www.heimat-und-transformation.de\/en\/wp-json\/wp\/v2\/types\/page"}],"author":[{"embeddable":true,"href":"https:\/\/www.heimat-und-transformation.de\/en\/wp-json\/wp\/v2\/users\/1"}],"replies":[{"embeddable":true,"href":"https:\/\/www.heimat-und-transformation.de\/en\/wp-json\/wp\/v2\/comments?post=813"}],"version-history":[{"count":4,"href":"https:\/\/www.heimat-und-transformation.de\/en\/wp-json\/wp\/v2\/pages\/813\/revisions"}],"predecessor-version":[{"id":820,"href":"https:\/\/www.heimat-und-transformation.de\/en\/wp-json\/wp\/v2\/pages\/813\/revisions\/820"}],"wp:attachment":[{"href":"https:\/\/www.heimat-und-transformation.de\/en\/wp-json\/wp\/v2\/media?parent=813"}],"curies":[{"name":"wp","href":"https:\/\/api.w.org\/{rel}","templated":true}]}}